{"id":16,"date":"2020-01-19T07:03:48","date_gmt":"2020-01-19T04:03:48","guid":{"rendered":"http:\/\/sercanmakina.com.tr\/?page_id=16"},"modified":"2022-09-24T08:02:55","modified_gmt":"2022-09-24T05:02:55","slug":"ana-sayfa","status":"publish","type":"page","link":"https:\/\/sercanmakina.com.tr\/en\/","title":{"rendered":"Home"},"content":{"rendered":"<section class=\"l-section wpb_row height_auto width_full\"><div class=\"l-section-h i-cf\"><div class=\"g-cols vc_row via_flex valign_top type_default stacking_default\"><div class=\"vc_col-sm-6 wpb_column vc_column_container has_bg_color\"><div class=\"vc_column-inner us_custom_bc80f3a2\"><div class=\"wpb_wrapper\"><div class=\"w-image us_custom_42827c34 align_center\"><div url class=\"w-image-h\"><img loading=\"lazy\" decoding=\"async\" width=\"1000\" height=\"565\" src=\"https:\/\/sercanmakina.com.tr\/wp-content\/uploads\/2020\/01\/pfaff-resim.png\" class=\"attachment-large size-large\" alt=\"\" srcset=\"https:\/\/sercanmakina.com.tr\/wp-content\/uploads\/2020\/01\/pfaff-resim.png 1000w, https:\/\/sercanmakina.com.tr\/wp-content\/uploads\/2020\/01\/pfaff-resim-300x170.png 300w, https:\/\/sercanmakina.com.tr\/wp-content\/uploads\/2020\/01\/pfaff-resim-600x339.png 600w\" sizes=\"auto, (max-width: 1000px) 100vw, 1000px\" \/><\/div><\/div><div class=\"wpb_text_column\"><div class=\"wpb_wrapper\"><h3 style=\"text-align: center;\">Household Products<\/h3>\n<\/div><\/div><div class=\"w-separator size_custom\" style=\"height:7px\"><\/div><div class=\"w-btn-wrapper align_center\"><a class=\"w-btn us-btn-style_3\" title=\"\u0130ncele\" href=\"http:\/\/sercanmakina.com.tr\/en\/urunlerimiz\/ev-tipi-urunler\/\"><span class=\"w-btn-label\">VIEW ALL<\/span><\/a><\/div><\/div><\/div><\/div><div class=\"vc_col-sm-6 wpb_column vc_column_container has_bg_color\"><div class=\"vc_column-inner us_custom_a76553a3\"><div class=\"wpb_wrapper\"><div class=\"w-image us_custom_42827c34 align_center\"><div url class=\"w-image-h\"><img loading=\"lazy\" decoding=\"async\" width=\"1000\" height=\"565\" src=\"https:\/\/sercanmakina.com.tr\/wp-content\/uploads\/2020\/01\/vetron.png\" class=\"attachment-large size-large\" alt=\"\" srcset=\"https:\/\/sercanmakina.com.tr\/wp-content\/uploads\/2020\/01\/vetron.png 1000w, https:\/\/sercanmakina.com.tr\/wp-content\/uploads\/2020\/01\/vetron-300x170.png 300w, https:\/\/sercanmakina.com.tr\/wp-content\/uploads\/2020\/01\/vetron-600x339.png 600w\" sizes=\"auto, (max-width: 1000px) 100vw, 1000px\" \/><\/div><\/div><div class=\"wpb_text_column us_custom_6df4bc3a has_text_color\"><div class=\"wpb_wrapper\"><h3 style=\"text-align: center;\">Industrial Type Products<\/h3>\n<\/div><\/div><div class=\"w-separator size_custom\" style=\"height:7px\"><\/div><div class=\"w-btn-wrapper align_center\"><a class=\"w-btn us-btn-style_4\" title=\"\u0130ncele\" href=\"http:\/\/sercanmakina.com.tr\/en\/urunlerimiz\/sanayi-tipi-urunler\/\"><span class=\"w-btn-label\">VIEW ALL<\/span><\/a><\/div><\/div><\/div><\/div><\/div><\/div><\/section><section class=\"l-section wpb_row height_medium\"><div class=\"l-section-h i-cf\"><div class=\"g-cols vc_row via_flex valign_top type_default stacking_default\"><div class=\"vc_col-sm-2 wpb_column vc_column_container\"><div class=\"vc_column-inner\"><div class=\"wpb_wrapper\"><\/div><\/div><\/div><div class=\"vc_col-sm-8 wpb_column vc_column_container\"><div class=\"vc_column-inner\"><div class=\"wpb_wrapper\"><div class=\"wpb_text_column\"><div class=\"wpb_wrapper\"><h3 style=\"text-align: center;\">Product Brands<\/h3>\n<\/div><\/div><div class=\"w-separator size_small\"><\/div><div class=\"g-cols wpb_row via_flex valign_top type_default stacking_default\"><div class=\"vc_col-sm-2 vc_col-xs-6 wpb_column vc_column_container\"><div class=\"vc_column-inner\"><div class=\"wpb_wrapper\"><div class=\"w-image brand-logo align_center\"><a href=\"http:\/\/sercanmakina.com.tr\/en\/marka\/brother\/\" aria-label=\"Link\" class=\"w-image-h\"><img loading=\"lazy\" decoding=\"async\" width=\"800\" height=\"230\" src=\"https:\/\/sercanmakina.com.tr\/wp-content\/uploads\/2020\/01\/brother.jpg\" class=\"attachment-large size-large\" alt=\"\" srcset=\"https:\/\/sercanmakina.com.tr\/wp-content\/uploads\/2020\/01\/brother.jpg 800w, https:\/\/sercanmakina.com.tr\/wp-content\/uploads\/2020\/01\/brother-300x86.jpg 300w, https:\/\/sercanmakina.com.tr\/wp-content\/uploads\/2020\/01\/brother-600x173.jpg 600w\" sizes=\"auto, (max-width: 800px) 100vw, 800px\" \/><\/a><\/div><\/div><\/div><\/div><div class=\"vc_col-sm-2 vc_col-xs-6 wpb_column vc_column_container\"><div class=\"vc_column-inner\"><div class=\"wpb_wrapper\"><div class=\"w-image brand-logo align_center\"><a href=\"http:\/\/sercanmakina.com.tr\/en\/marka\/janome\/\" aria-label=\"Link\" class=\"w-image-h\"><img loading=\"lazy\" decoding=\"async\" width=\"800\" height=\"230\" src=\"https:\/\/sercanmakina.com.tr\/wp-content\/uploads\/2020\/01\/jasome.jpg\" class=\"attachment-large size-large\" alt=\"\" srcset=\"https:\/\/sercanmakina.com.tr\/wp-content\/uploads\/2020\/01\/jasome.jpg 800w, https:\/\/sercanmakina.com.tr\/wp-content\/uploads\/2020\/01\/jasome-300x86.jpg 300w, https:\/\/sercanmakina.com.tr\/wp-content\/uploads\/2020\/01\/jasome-600x173.jpg 600w\" sizes=\"auto, (max-width: 800px) 100vw, 800px\" \/><\/a><\/div><\/div><\/div><\/div><div class=\"vc_col-sm-2 vc_col-xs-6 wpb_column vc_column_container\"><div class=\"vc_column-inner\"><div class=\"wpb_wrapper\"><div class=\"w-image brand-logo align_center\"><a href=\"http:\/\/sercanmakina.com.tr\/en\/marka\/pfaff\/\" aria-label=\"Link\" class=\"w-image-h\"><img loading=\"lazy\" decoding=\"async\" width=\"800\" height=\"230\" src=\"https:\/\/sercanmakina.com.tr\/wp-content\/uploads\/2020\/01\/pfaff.jpg\" class=\"attachment-large size-large\" alt=\"\" srcset=\"https:\/\/sercanmakina.com.tr\/wp-content\/uploads\/2020\/01\/pfaff.jpg 800w, https:\/\/sercanmakina.com.tr\/wp-content\/uploads\/2020\/01\/pfaff-300x86.jpg 300w, https:\/\/sercanmakina.com.tr\/wp-content\/uploads\/2020\/01\/pfaff-600x173.jpg 600w\" sizes=\"auto, (max-width: 800px) 100vw, 800px\" \/><\/a><\/div><\/div><\/div><\/div><div class=\"vc_col-sm-2 vc_col-xs-6 wpb_column vc_column_container\"><div class=\"vc_column-inner\"><div class=\"wpb_wrapper\"><div class=\"w-image brand-logo align_center\"><a href=\"http:\/\/sercanmakina.com.tr\/en\/marka\/sigma\/\" aria-label=\"Link\" class=\"w-image-h\"><img loading=\"lazy\" decoding=\"async\" width=\"800\" height=\"230\" src=\"https:\/\/sercanmakina.com.tr\/wp-content\/uploads\/2020\/01\/sigma.jpg\" class=\"attachment-large size-large\" alt=\"\" srcset=\"https:\/\/sercanmakina.com.tr\/wp-content\/uploads\/2020\/01\/sigma.jpg 800w, https:\/\/sercanmakina.com.tr\/wp-content\/uploads\/2020\/01\/sigma-300x86.jpg 300w, https:\/\/sercanmakina.com.tr\/wp-content\/uploads\/2020\/01\/sigma-600x173.jpg 600w\" sizes=\"auto, (max-width: 800px) 100vw, 800px\" \/><\/a><\/div><\/div><\/div><\/div><div class=\"vc_col-sm-2 vc_col-xs-6 wpb_column vc_column_container\"><div class=\"vc_column-inner\"><div class=\"wpb_wrapper\"><div class=\"w-image brand-logo align_center\"><a href=\"http:\/\/sercanmakina.com.tr\/en\/marka\/singer\/\" aria-label=\"Link\" class=\"w-image-h\"><img loading=\"lazy\" decoding=\"async\" width=\"800\" height=\"230\" src=\"https:\/\/sercanmakina.com.tr\/wp-content\/uploads\/2020\/01\/singer.jpg\" class=\"attachment-large size-large\" alt=\"\" srcset=\"https:\/\/sercanmakina.com.tr\/wp-content\/uploads\/2020\/01\/singer.jpg 800w, https:\/\/sercanmakina.com.tr\/wp-content\/uploads\/2020\/01\/singer-300x86.jpg 300w, https:\/\/sercanmakina.com.tr\/wp-content\/uploads\/2020\/01\/singer-600x173.jpg 600w\" sizes=\"auto, (max-width: 800px) 100vw, 800px\" \/><\/a><\/div><\/div><\/div><\/div><div class=\"vc_col-sm-2 vc_col-xs-6 wpb_column vc_column_container\"><div class=\"vc_column-inner\"><div class=\"wpb_wrapper\"><div class=\"w-image brand-logo align_center\"><a href=\"http:\/\/sercanmakina.com.tr\/en\/marka\/typical\/\" aria-label=\"Link\" class=\"w-image-h\"><img loading=\"lazy\" decoding=\"async\" width=\"800\" height=\"230\" src=\"https:\/\/sercanmakina.com.tr\/wp-content\/uploads\/2020\/01\/typical.jpg\" class=\"attachment-large size-large\" alt=\"\" srcset=\"https:\/\/sercanmakina.com.tr\/wp-content\/uploads\/2020\/01\/typical.jpg 800w, https:\/\/sercanmakina.com.tr\/wp-content\/uploads\/2020\/01\/typical-300x86.jpg 300w, https:\/\/sercanmakina.com.tr\/wp-content\/uploads\/2020\/01\/typical-600x173.jpg 600w\" sizes=\"auto, (max-width: 800px) 100vw, 800px\" \/><\/a><\/div><\/div><\/div><\/div><\/div><div class=\"w-separator size_huge\"><\/div><div class=\"w-image style_shadow-2 align_center\"><div url class=\"w-image-h\"><div class=\"w-image-shadow\" style=\"background-image:url(https:\/\/sercanmakina.com.tr\/wp-content\/uploads\/2020\/01\/kampanya.jpg);\"><\/div><img loading=\"lazy\" decoding=\"async\" width=\"1900\" height=\"334\" src=\"https:\/\/sercanmakina.com.tr\/wp-content\/uploads\/2020\/01\/kampanya.jpg\" class=\"attachment-full size-full\" alt=\"\" srcset=\"https:\/\/sercanmakina.com.tr\/wp-content\/uploads\/2020\/01\/kampanya.jpg 1900w, https:\/\/sercanmakina.com.tr\/wp-content\/uploads\/2020\/01\/kampanya-300x53.jpg 300w, https:\/\/sercanmakina.com.tr\/wp-content\/uploads\/2020\/01\/kampanya-1024x180.jpg 1024w, https:\/\/sercanmakina.com.tr\/wp-content\/uploads\/2020\/01\/kampanya-1536x270.jpg 1536w, https:\/\/sercanmakina.com.tr\/wp-content\/uploads\/2020\/01\/kampanya-600x105.jpg 600w\" sizes=\"auto, (max-width: 1900px) 100vw, 1900px\" \/><\/div><\/div><div class=\"w-separator size_small\"><\/div><div class=\"w-image style_shadow-2 align_center\"><div url class=\"w-image-h\"><div class=\"w-image-shadow\" style=\"background-image:url(https:\/\/sercanmakina.com.tr\/wp-content\/uploads\/2020\/04\/Groz-Beckert.jpeg);\"><\/div><img loading=\"lazy\" decoding=\"async\" width=\"1900\" height=\"334\" src=\"https:\/\/sercanmakina.com.tr\/wp-content\/uploads\/2020\/04\/Groz-Beckert.jpeg\" class=\"attachment-full size-full\" alt=\"\" srcset=\"https:\/\/sercanmakina.com.tr\/wp-content\/uploads\/2020\/04\/Groz-Beckert.jpeg 1900w, https:\/\/sercanmakina.com.tr\/wp-content\/uploads\/2020\/04\/Groz-Beckert-300x53.jpeg 300w, https:\/\/sercanmakina.com.tr\/wp-content\/uploads\/2020\/04\/Groz-Beckert-1024x180.jpeg 1024w, https:\/\/sercanmakina.com.tr\/wp-content\/uploads\/2020\/04\/Groz-Beckert-1536x270.jpeg 1536w, https:\/\/sercanmakina.com.tr\/wp-content\/uploads\/2020\/04\/Groz-Beckert-600x105.jpeg 600w\" sizes=\"auto, (max-width: 1900px) 100vw, 1900px\" \/><\/div><\/div><div class=\"w-separator size_huge\"><\/div><div class=\"w-hwrapper valign_top align_center\"><div class=\"w-socials align_center color_text shape_square style_outlined hover_fade\" style=\"--gap:2px;\"><div class=\"w-socials-list\"><div class=\"w-socials-item facebook\"><a target=\"_blank\" rel=\"nofollow\" href=\"https:\/\/www.facebook.com\/sercanmakinaonline\" class=\"w-socials-item-link\" title=\"Facebook\" aria-label=\"Facebook\"><span class=\"w-socials-item-link-hover\"><\/span><i class=\"fab fa-facebook\"><\/i><\/a><div class=\"w-socials-item-popup\"><span>Facebook<\/span><\/div><\/div><div class=\"w-socials-item instagram\"><a target=\"_blank\" rel=\"nofollow\" href=\"https:\/\/www.instagram.com\/sercanmakinaonline\/\" class=\"w-socials-item-link\" title=\"Instagram\" aria-label=\"Instagram\"><span class=\"w-socials-item-link-hover\"><\/span><i class=\"fab fa-instagram\"><\/i><\/a><div class=\"w-socials-item-popup\"><span>Instagram<\/span><\/div><\/div><\/div><\/div><div class=\"wpb_text_column\"><div class=\"wpb_wrapper\"><h3 style=\"text-align: center;\">\u00a0\/ sercanmakina<\/h3>\n<\/div><\/div><\/div><\/div><\/div><\/div><div class=\"vc_col-sm-2 wpb_column vc_column_container\"><div class=\"vc_column-inner\"><div class=\"wpb_wrapper\"><\/div><\/div><\/div><\/div><\/div><\/section>","protected":false},"excerpt":{"rendered":"Eviniz \u0130\u00e7in \u00dcr\u00fcnlerimiz \u0130NCELE Sanayi Tipi \u00dcr\u00fcnlerimiz \u0130NCELE \u00c7al\u0131\u015ft\u0131\u011f\u0131m\u0131z Markalar FacebookInstagram \u00a0\/ sercanmakina","protected":false},"author":2,"featured_media":0,"parent":0,"menu_order":0,"comment_status":"closed","ping_status":"closed","template":"","meta":{"footnotes":"","_wp_rev_ctl_limit":"1"},"class_list":["post-16","page","type-page","status-publish","hentry"],"_links":{"self":[{"href":"https:\/\/sercanmakina.com.tr\/en\/wp-json\/wp\/v2\/pages\/16","targetHints":{"allow":["GET"]}}],"collection":[{"href":"https:\/\/sercanmakina.com.tr\/en\/wp-json\/wp\/v2\/pages"}],"about":[{"href":"https:\/\/sercanmakina.com.tr\/en\/wp-json\/wp\/v2\/types\/page"}],"author":[{"embeddable":true,"href":"https:\/\/sercanmakina.com.tr\/en\/wp-json\/wp\/v2\/users\/2"}],"replies":[{"embeddable":true,"href":"https:\/\/sercanmakina.com.tr\/en\/wp-json\/wp\/v2\/comments?post=16"}],"version-history":[{"count":0,"href":"https:\/\/sercanmakina.com.tr\/en\/wp-json\/wp\/v2\/pages\/16\/revisions"}],"wp:attachment":[{"href":"https:\/\/sercanmakina.com.tr\/en\/wp-json\/wp\/v2\/media?parent=16"}],"curies":[{"name":"wp","href":"https:\/\/api.w.org\/{rel}","templated":true}]}}