{"id":18,"date":"2020-01-19T07:04:01","date_gmt":"2020-01-19T04:04:01","guid":{"rendered":"http:\/\/sercanmakina.com.tr\/?page_id=18"},"modified":"2022-02-09T23:03:27","modified_gmt":"2022-02-09T20:03:27","slug":"kurumsal","status":"publish","type":"page","link":"https:\/\/sercanmakina.com.tr\/en\/kurumsal\/","title":{"rendered":"Corporate"},"content":{"rendered":"<section class=\"l-section wpb_row height_small\"><div class=\"l-section-h i-cf\"><div class=\"g-cols vc_row via_flex valign_top type_default stacking_default\"><div class=\"vc_col-sm-6 wpb_column vc_column_container us_animate_fade\" style=\"animation-delay:1s\"><div class=\"vc_column-inner\"><div class=\"wpb_wrapper\"><div class=\"wpb_text_column\"><div class=\"wpb_wrapper\"><h2>SERCAN MAKINA<\/h2>\n<p>Having a solid business foundation with more than 30 years of experience, our company makes point of gaining customer trust and friendliness by timely delivering various and high quality products to our valued customers. SerCan Makina has created a supply chain with world famous brands in the field of sewing machine and its spare parts.<\/p>\n<p>As a company, our purpose is to economically and timely offer and provide products, which are suitable for both domestic and foreign customer needs, for our users.<\/p>\n<p>Our dealership strategy is not to build many dealers in a very short time but mutual gain with well-established dealers which trade and communicate well at high levels.<\/p>\n<p><em>Sercan Makina Family<\/em><\/p>\n<\/div><\/div><\/div><\/div><\/div><div class=\"vc_col-sm-6 wpb_column vc_column_container us_animate_afb\" style=\"animation-delay:1s\"><div class=\"vc_column-inner us_custom_78b7c2cd\"><div class=\"wpb_wrapper\"><div class=\"w-separator size_medium\"><\/div><div class=\"wpb_text_column us_custom_ab7d566c has_text_color\"><div class=\"wpb_wrapper\"><h1 style=\"text-align: right;\">With Trust and Care to the Future...<\/h1>\n<\/div><\/div><div class=\"w-separator size_huge\"><\/div><div class=\"w-image style_shadow-2 align_right us_animate_afb\"><div url class=\"w-image-h\"><div class=\"w-image-shadow\" style=\"background-image:url(https:\/\/sercanmakina.com.tr\/wp-content\/uploads\/2020\/01\/kurumsal-600x400.jpg);\"><\/div><img loading=\"lazy\" decoding=\"async\" width=\"600\" height=\"400\" src=\"https:\/\/sercanmakina.com.tr\/wp-content\/uploads\/2020\/01\/kurumsal-600x400.jpg\" class=\"attachment-shop_single size-shop_single\" alt=\"\" srcset=\"https:\/\/sercanmakina.com.tr\/wp-content\/uploads\/2020\/01\/kurumsal-600x400.jpg 600w, https:\/\/sercanmakina.com.tr\/wp-content\/uploads\/2020\/01\/kurumsal-300x200.jpg 300w, https:\/\/sercanmakina.com.tr\/wp-content\/uploads\/2020\/01\/kurumsal-1024x683.jpg 1024w, https:\/\/sercanmakina.com.tr\/wp-content\/uploads\/2020\/01\/kurumsal-1536x1025.jpg 1536w, https:\/\/sercanmakina.com.tr\/wp-content\/uploads\/2020\/01\/kurumsal-2048x1367.jpg 2048w\" sizes=\"auto, (max-width: 600px) 100vw, 600px\" \/><\/div><\/div><div class=\"w-separator size_huge\"><\/div><\/div><\/div><\/div><\/div><\/div><\/section>","protected":false},"excerpt":{"rendered":"SERCAN MAK\u0130NA Sekt\u00f6rde 30 y\u0131l\u0131 a\u015fan tecr\u00fcbe ile \u00a0sa\u011flam bir temele sahip olan \u015firketimiz, portf\u00f6y\u00fcndeki y\u00fcksek kaliteli ve \u00e7e\u015fitli \u00fcr\u00fcnleri, zaman\u0131nda de\u011ferli m\u00fc\u015fterilerine ula\u015ft\u0131rarak m\u00fc\u015fteri dostlu\u011funu ve g\u00fcvenini kazanmay\u0131 ilke edinmi\u015ftir. SerCan Makina, diki\u015f makinas\u0131 ve yedek par\u00e7as\u0131 alan\u0131nda d\u00fcnyaca \u00fcnl\u00fc markalar ile tedarik zinciri olu\u015fturmaktad\u0131r. \u015eirket olarak hedefimiz; yurti\u00e7i ve yurtd\u0131\u015f\u0131 m\u00fc\u015fteri ihtiya\u00e7lar\u0131na uygun...","protected":false},"author":2,"featured_media":0,"parent":0,"menu_order":0,"comment_status":"closed","ping_status":"closed","template":"","meta":{"footnotes":"","_wp_rev_ctl_limit":""},"class_list":["post-18","page","type-page","status-publish","hentry"],"_links":{"self":[{"href":"https:\/\/sercanmakina.com.tr\/en\/wp-json\/wp\/v2\/pages\/18","targetHints":{"allow":["GET"]}}],"collection":[{"href":"https:\/\/sercanmakina.com.tr\/en\/wp-json\/wp\/v2\/pages"}],"about":[{"href":"https:\/\/sercanmakina.com.tr\/en\/wp-json\/wp\/v2\/types\/page"}],"author":[{"embeddable":true,"href":"https:\/\/sercanmakina.com.tr\/en\/wp-json\/wp\/v2\/users\/2"}],"replies":[{"embeddable":true,"href":"https:\/\/sercanmakina.com.tr\/en\/wp-json\/wp\/v2\/comments?post=18"}],"version-history":[{"count":0,"href":"https:\/\/sercanmakina.com.tr\/en\/wp-json\/wp\/v2\/pages\/18\/revisions"}],"wp:attachment":[{"href":"https:\/\/sercanmakina.com.tr\/en\/wp-json\/wp\/v2\/media?parent=18"}],"curies":[{"name":"wp","href":"https:\/\/api.w.org\/{rel}","templated":true}]}}