{"id":20,"date":"2020-01-19T07:04:10","date_gmt":"2020-01-19T04:04:10","guid":{"rendered":"http:\/\/sercanmakina.com.tr\/?page_id=20"},"modified":"2022-09-19T14:02:16","modified_gmt":"2022-09-19T11:02:16","slug":"iletisim","status":"publish","type":"page","link":"https:\/\/sercanmakina.com.tr\/en\/iletisim\/","title":{"rendered":"Contact"},"content":{"rendered":"<section class=\"l-section wpb_row height_auto\"><div class=\"l-section-h i-cf\"><div class=\"g-cols vc_row via_flex valign_top type_default stacking_default\"><div class=\"vc_col-sm-6 wpb_column vc_column_container us_animate_afb\" style=\"animation-delay:1s\"><div class=\"vc_column-inner\"><div class=\"wpb_wrapper\"><div class=\"wpb_text_column\"><div class=\"wpb_wrapper\"><h4>Contact Details<\/h4>\n<hr \/>\n<p><strong>Address:<\/strong><br \/>\nGuluk Neighbourhood, Inonu BLVD. Karakus ST. Cingillioglu APT. No: 48\/3A   38050<br \/>\nMelikgazi \u2013 Kayseri \/ Turkey<\/p>\n<hr \/>\n<p><strong>Pbx:<\/strong><br \/>\n(0352) 320 40 52<\/p>\n<hr \/>\n<p><strong>Fax:<\/strong><br \/>\n(0352) 336 87 91<\/p>\n<hr \/>\n<p><strong>E-Mail:<\/strong><br \/>\nbilgi@sercanmakina.com<\/p>\n<\/div><\/div><\/div><\/div><\/div><div class=\"vc_col-sm-6 wpb_column vc_column_container us_animate_afb\" style=\"animation-delay:1.3s\"><div class=\"vc_column-inner\"><div class=\"wpb_wrapper\"><div class=\"w-hwrapper valign_top wrap align_none\"><div class=\"w-btn-wrapper align_none\"><a class=\"w-btn us-btn-style_3 icon_atleft\" title=\"CONTACT\" href=\"tel:03523204052\"><i class=\"far fa-phone\"><\/i><span class=\"w-btn-label\">Call<\/span><\/a><\/div><div class=\"w-btn-wrapper align_none\"><a class=\"w-btn us-btn-style_3 icon_atleft\" title=\"CONTACT\" href=\"https:\/\/goo.gl\/maps\/4aBXMYDNx3S123w67\"><i class=\"far fa-map\"><\/i><span class=\"w-btn-label\">Map<\/span><\/a><\/div><\/div><div class=\"w-separator size_small\"><\/div><div class=\"wpb_text_column\"><div class=\"wpb_wrapper\"><h4>MAP:<\/h4>\n<hr \/>\n<\/div><\/div><div class=\"wpb_text_column\"><div class=\"wpb_wrapper\"><p><iframe loading=\"lazy\" style=\"border: 0;\" tabindex=\"0\" src=\"https:\/\/www.google.com\/maps\/embed?pb=!1m14!1m8!1m3!1d12452.033274119512!2d35.484848!3d38.717618!3m2!1i1024!2i768!4f13.1!3m3!1m2!1s0x0%3A0xb852bdcee4c6c23c!2sSercan%20Makina!5e0!3m2!1str!2str!4v1603024342929!5m2!1str!2str\" width=\"600\" height=\"350\" frameborder=\"0\" allowfullscreen=\"allowfullscreen\" aria-hidden=\"false\"><\/iframe><\/p>\n<\/div><\/div><\/div><\/div><\/div><\/div><\/div><\/section>","protected":false},"excerpt":{"rendered":"\u0130LET\u0130\u015e\u0130M B\u0130LG\u0130LER\u0130 Adres: G\u00fcl\u00fck Mah. \u0130non\u00fc Bulv. Karaku\u015f Sok. C\u0131ng\u0131ll\u0131o\u011flu Apt.No: 48\/3A\u00a0 \u00a038050 Melikgazi &#8211; Kayseri \/ T\u00fcrkiye Pbx: (0352) 320 40 52 Fax: (0352) 336 87 91 E-Posta: bilgi@sercanmakina.com AraHaritaHAR\u0130TA","protected":false},"author":2,"featured_media":0,"parent":0,"menu_order":0,"comment_status":"closed","ping_status":"closed","template":"","meta":{"footnotes":"","_wp_rev_ctl_limit":"1"},"class_list":["post-20","page","type-page","status-publish","hentry"],"_links":{"self":[{"href":"https:\/\/sercanmakina.com.tr\/en\/wp-json\/wp\/v2\/pages\/20","targetHints":{"allow":["GET"]}}],"collection":[{"href":"https:\/\/sercanmakina.com.tr\/en\/wp-json\/wp\/v2\/pages"}],"about":[{"href":"https:\/\/sercanmakina.com.tr\/en\/wp-json\/wp\/v2\/types\/page"}],"author":[{"embeddable":true,"href":"https:\/\/sercanmakina.com.tr\/en\/wp-json\/wp\/v2\/users\/2"}],"replies":[{"embeddable":true,"href":"https:\/\/sercanmakina.com.tr\/en\/wp-json\/wp\/v2\/comments?post=20"}],"version-history":[{"count":0,"href":"https:\/\/sercanmakina.com.tr\/en\/wp-json\/wp\/v2\/pages\/20\/revisions"}],"wp:attachment":[{"href":"https:\/\/sercanmakina.com.tr\/en\/wp-json\/wp\/v2\/media?parent=20"}],"curies":[{"name":"wp","href":"https:\/\/api.w.org\/{rel}","templated":true}]}}