{"id":22,"date":"2020-01-19T07:04:59","date_gmt":"2020-01-19T04:04:59","guid":{"rendered":"http:\/\/sercanmakina.com.tr\/?page_id=22"},"modified":"2020-03-31T16:07:44","modified_gmt":"2020-03-31T13:07:44","slug":"urunlerimiz","status":"publish","type":"page","link":"https:\/\/sercanmakina.com.tr\/en\/urunlerimiz\/","title":{"rendered":"Products"},"content":{"rendered":"<section class=\"l-section wpb_row height_small\"><div class=\"l-section-overlay\" style=\"background:#002848\"><\/div><div class=\"l-section-h i-cf\"><div class=\"g-cols vc_row via_flex valign_top type_default stacking_default\"><div class=\"vc_col-sm-6 wpb_column vc_column_container\"><div class=\"vc_column-inner\"><div class=\"wpb_wrapper\"><div class=\"w-image align_center\"><div url class=\"w-image-h\"><img loading=\"lazy\" decoding=\"async\" width=\"1000\" height=\"565\" src=\"https:\/\/sercanmakina.com.tr\/wp-content\/uploads\/2020\/01\/vetron.png\" class=\"attachment-full size-full\" alt=\"\" srcset=\"https:\/\/sercanmakina.com.tr\/wp-content\/uploads\/2020\/01\/vetron.png 1000w, https:\/\/sercanmakina.com.tr\/wp-content\/uploads\/2020\/01\/vetron-300x170.png 300w, https:\/\/sercanmakina.com.tr\/wp-content\/uploads\/2020\/01\/vetron-600x339.png 600w\" sizes=\"auto, (max-width: 1000px) 100vw, 1000px\" \/><\/div><\/div><\/div><\/div><\/div><div class=\"vc_col-sm-6 wpb_column vc_column_container us_animate_afb\" style=\"animation-delay:0.4s\"><div class=\"vc_column-inner\"><div class=\"wpb_wrapper\"><div class=\"w-separator size_medium\"><\/div><div class=\"wpb_text_column us_custom_6df4bc3a has_text_color\"><div class=\"wpb_wrapper\"><h3 style=\"text-align: center\">Industrial Type Products<\/h3>\n<\/div><\/div><div class=\"w-separator size_small\"><\/div><div class=\"w-btn-wrapper align_center\"><a class=\"w-btn us-btn-style_4\" title=\"\u0130ncele\" href=\"http:\/\/sercanmakina.com.tr\/en\/urunlerimiz\/sanayi-tipi-urunler\/\"><span class=\"w-btn-label\">VIEW ALL<\/span><\/a><\/div><\/div><\/div><\/div><\/div><\/div><\/section><section class=\"l-section wpb_row height_auto\"><div class=\"l-section-h i-cf\"><div class=\"g-cols vc_row via_flex valign_top type_default stacking_default\"><div class=\"vc_col-sm-12 wpb_column vc_column_container\"><div class=\"vc_column-inner\"><div class=\"wpb_wrapper\"><div class=\"w-separator size_small\"><\/div><\/div><\/div><\/div><\/div><\/div><\/section><section class=\"l-section wpb_row height_small\"><div class=\"l-section-overlay\" style=\"background:#A4D6FF\"><\/div><div class=\"l-section-h i-cf\"><div class=\"g-cols vc_row via_flex valign_top type_default stacking_default\"><div class=\"vc_col-sm-6 wpb_column vc_column_container\"><div class=\"vc_column-inner\"><div class=\"wpb_wrapper\"><div class=\"w-image align_center\"><div url class=\"w-image-h\"><img loading=\"lazy\" decoding=\"async\" width=\"1000\" height=\"565\" src=\"https:\/\/sercanmakina.com.tr\/wp-content\/uploads\/2020\/01\/pfaff-resim.png\" class=\"attachment-full size-full\" alt=\"\" srcset=\"https:\/\/sercanmakina.com.tr\/wp-content\/uploads\/2020\/01\/pfaff-resim.png 1000w, https:\/\/sercanmakina.com.tr\/wp-content\/uploads\/2020\/01\/pfaff-resim-300x170.png 300w, https:\/\/sercanmakina.com.tr\/wp-content\/uploads\/2020\/01\/pfaff-resim-600x339.png 600w\" sizes=\"auto, (max-width: 1000px) 100vw, 1000px\" \/><\/div><\/div><\/div><\/div><\/div><div class=\"vc_col-sm-6 wpb_column vc_column_container us_animate_afb\" style=\"animation-delay:0.1s\"><div class=\"vc_column-inner\"><div class=\"wpb_wrapper\"><div class=\"w-separator size_medium\"><\/div><div class=\"wpb_text_column\"><div class=\"wpb_wrapper\"><h3 style=\"text-align: center\">Household Products<\/h3>\n<\/div><\/div><div class=\"w-separator size_small\"><\/div><div class=\"w-btn-wrapper align_center\"><a class=\"w-btn us-btn-style_3\" title=\"\u0130ncele\" href=\"http:\/\/sercanmakina.com.tr\/en\/urunlerimiz\/ev-tipi-urunler\/\"><span class=\"w-btn-label\">VIEW ALL<\/span><\/a><\/div><\/div><\/div><\/div><\/div><\/div><\/section>","protected":false},"excerpt":{"rendered":"Sanayi Tipi \u00dcr\u00fcnlerimiz \u0130NCELEEviniz \u0130\u00e7in \u00dcr\u00fcnlerimiz \u0130NCELE","protected":false},"author":2,"featured_media":0,"parent":0,"menu_order":0,"comment_status":"closed","ping_status":"closed","template":"","meta":{"footnotes":"","_wp_rev_ctl_limit":"1"},"class_list":["post-22","page","type-page","status-publish","hentry"],"_links":{"self":[{"href":"https:\/\/sercanmakina.com.tr\/en\/wp-json\/wp\/v2\/pages\/22","targetHints":{"allow":["GET"]}}],"collection":[{"href":"https:\/\/sercanmakina.com.tr\/en\/wp-json\/wp\/v2\/pages"}],"about":[{"href":"https:\/\/sercanmakina.com.tr\/en\/wp-json\/wp\/v2\/types\/page"}],"author":[{"embeddable":true,"href":"https:\/\/sercanmakina.com.tr\/en\/wp-json\/wp\/v2\/users\/2"}],"replies":[{"embeddable":true,"href":"https:\/\/sercanmakina.com.tr\/en\/wp-json\/wp\/v2\/comments?post=22"}],"version-history":[{"count":0,"href":"https:\/\/sercanmakina.com.tr\/en\/wp-json\/wp\/v2\/pages\/22\/revisions"}],"wp:attachment":[{"href":"https:\/\/sercanmakina.com.tr\/en\/wp-json\/wp\/v2\/media?parent=22"}],"curies":[{"name":"wp","href":"https:\/\/api.w.org\/{rel}","templated":true}]}}