{"id":4229,"date":"2020-03-14T15:15:51","date_gmt":"2020-03-14T12:15:51","guid":{"rendered":"http:\/\/sercanmakina.com.tr\/?post_type=product&#038;p=4229"},"modified":"2020-03-17T23:10:26","modified_gmt":"2020-03-17T20:10:26","slug":"pfaff-expression-710","status":"publish","type":"product","link":"https:\/\/sercanmakina.com.tr\/en\/product\/pfaff-expression-710\/","title":{"rendered":"PFAFF EXPRESSION 710"},"content":{"rendered":"<section class=\"l-section wpb_row height_auto\"><div class=\"l-section-h i-cf\"><div class=\"g-cols vc_row via_flex valign_top type_default stacking_default\"><div class=\"vc_col-sm-6 wpb_column vc_column_container\"><div class=\"vc_column-inner\"><div class=\"wpb_wrapper\"><div class=\"wpb_text_column\"><div class=\"wpb_wrapper\"><table style=\"border-collapse: collapse; width: 98.2248%; height: 163px;\">\n<tbody>\n<tr style=\"height: 27px;\">\n<td style=\"width: 50%; height: 27px;\">9 mm. Adjustable Stitch Widht<\/td>\n<td style=\"width: 50%; height: 27px;\">IDT\u2122 Integrated Dual Feed<\/td>\n<\/tr>\n<tr style=\"height: 27px;\">\n<td style=\"width: 50%; height: 27px;\">245 Adet Dekoratif Desen<\/td>\n<td style=\"width: 50%; height: 27px;\">Pedal-Less Operation<\/td>\n<\/tr>\n<tr style=\"height: 27px;\">\n<td style=\"width: 50%; height: 27px;\">Automatic Thread Trimmer<\/td>\n<td style=\"width: 50%; height: 27px;\">Illimunated Sewing Surface<\/td>\n<\/tr>\n<tr style=\"height: 28px;\">\n<td style=\"width: 50%; height: 28px;\">Sens\u00f6rmatik \u0130lik A\u00e7abilme<\/td>\n<td style=\"width: 50%; height: 28px;\">7 Adet \u0130lik \u00c7e\u015fidi<\/td>\n<\/tr>\n<tr>\n<td style=\"width: 50%;\">3 Font Yaz\u0131 Karakteri<\/td>\n<td style=\"width: 50%;\">Diki\u015f Geni\u015fli\u011fi G\u00fcvenli\u011fi<\/td>\n<\/tr>\n<tr>\n<td style=\"width: 50%;\">Tapering Program\u0131 ile K\u00f6\u015fe \u015eekillendirme D\u00f6n\u00fc\u015f \u00d6zelli\u011fi<\/td>\n<td style=\"width: 50%;\">250 mm.x 107 mm. Geni\u015f Kullan\u0131m Alan\u0131<\/td>\n<\/tr>\n<\/tbody>\n<\/table>\n<\/div><\/div><\/div><\/div><\/div><div class=\"vc_col-sm-6 wpb_column vc_column_container\"><div class=\"vc_column-inner\"><div class=\"wpb_wrapper\"><div class=\"w-video align_none ratio_16x9 has_iframe\"><div class=\"w-video-h\"><iframe title=\"Youtube video player\" src=\"\/\/www.youtube.com\/embed\/IPY4X9BxnsM?origin=https:\/\/sercanmakina.com.tr\/en&controls=1\" allowfullscreen=\"1\" loading=\"lazy\"><\/iframe><\/div><div class=\"w-video-icon\" style=\"font-size:1.5rem;background:rgba(0,0,0,0.5);color:#fff\"><\/div><\/div><\/div><\/div><\/div><\/div><\/div><\/section>","protected":false},"excerpt":{"rendered":"<p><span style=\"font-size: 14pt;\">Expression 710 Renkli Dokunmatik Ekran\u0131 ve Geni\u015f Kullan\u0131m Alan\u0131 ile Size Pratik \u00c7\u00f6z\u00fcmler Sunuyor.<\/span><\/p>","protected":false},"featured_media":4221,"comment_status":"closed","ping_status":"closed","template":"","meta":[],"product_cat":[182],"product_tag":[],"class_list":{"0":"post-4229","1":"product","2":"type-product","3":"status-publish","4":"has-post-thumbnail","6":"product_cat-elektronik-piko","7":"pa_marka-pfaff","9":"first","10":"instock","11":"shipping-taxable","12":"product-type-simple"},"_links":{"self":[{"href":"https:\/\/sercanmakina.com.tr\/en\/wp-json\/wp\/v2\/product\/4229","targetHints":{"allow":["GET"]}}],"collection":[{"href":"https:\/\/sercanmakina.com.tr\/en\/wp-json\/wp\/v2\/product"}],"about":[{"href":"https:\/\/sercanmakina.com.tr\/en\/wp-json\/wp\/v2\/types\/product"}],"replies":[{"embeddable":true,"href":"https:\/\/sercanmakina.com.tr\/en\/wp-json\/wp\/v2\/comments?post=4229"}],"wp:featuredmedia":[{"embeddable":true,"href":"https:\/\/sercanmakina.com.tr\/en\/wp-json\/wp\/v2\/media\/4221"}],"wp:attachment":[{"href":"https:\/\/sercanmakina.com.tr\/en\/wp-json\/wp\/v2\/media?parent=4229"}],"wp:term":[{"taxonomy":"product_cat","embeddable":true,"href":"https:\/\/sercanmakina.com.tr\/en\/wp-json\/wp\/v2\/product_cat?post=4229"},{"taxonomy":"product_tag","embeddable":true,"href":"https:\/\/sercanmakina.com.tr\/en\/wp-json\/wp\/v2\/product_tag?post=4229"}],"curies":[{"name":"wp","href":"https:\/\/api.w.org\/{rel}","templated":true}]}}