{"id":4245,"date":"2020-03-16T00:44:12","date_gmt":"2020-03-15T21:44:12","guid":{"rendered":"http:\/\/sercanmakina.com.tr\/?post_type=product&#038;p=4245"},"modified":"2020-03-16T00:57:57","modified_gmt":"2020-03-15T21:57:57","slug":"pfaff-performance-5-2","status":"publish","type":"product","link":"https:\/\/sercanmakina.com.tr\/en\/product\/pfaff-performance-5-2\/","title":{"rendered":"PFAFF PERFORMANCE 5.2"},"content":{"rendered":"<section class=\"l-section wpb_row height_auto\"><div class=\"l-section-h i-cf\"><div class=\"g-cols vc_row via_flex valign_top type_default stacking_default\"><div class=\"vc_col-sm-6 wpb_column vc_column_container\"><div class=\"vc_column-inner\"><div class=\"wpb_wrapper\"><div class=\"wpb_text_column\"><div class=\"wpb_wrapper\"><table style=\"border-collapse: collapse; width: 98.2248%; height: 163px;\">\n<tbody>\n<tr style=\"height: 27px;\">\n<td style=\"width: 50%; height: 27px;\">9 mm. Adjustable Stitch Widht<\/td>\n<td style=\"width: 50%; height: 27px;\">IDT\u2122 Integrated Dual Feed<\/td>\n<\/tr>\n<tr style=\"height: 27px;\">\n<td style=\"width: 50%; height: 27px;\">332 Adet Dekoratif Desen<\/td>\n<td style=\"width: 50%; height: 27px;\">Pedal-Less Operation<\/td>\n<\/tr>\n<tr style=\"height: 27px;\">\n<td style=\"width: 50%; height: 27px;\">Automatic Thread Trimmer<\/td>\n<td style=\"width: 50%; height: 27px;\">Illimunated Sewing Surface<\/td>\n<\/tr>\n<tr style=\"height: 28px;\">\n<td style=\"width: 50%; height: 28px;\">Sens\u00f6rmatik \u0130lik A\u00e7abilme<\/td>\n<td style=\"width: 50%; height: 28px;\">12 Buttonhole Types<\/td>\n<\/tr>\n<tr>\n<td style=\"width: 50%;\">Dokunmatik Renkli LCD Ekran<\/td>\n<td style=\"width: 50%;\">4 Farkl\u0131 Fontta Yaz\u0131 Yazabilme<\/td>\n<\/tr>\n<tr>\n<td style=\"width: 50%;\">30 Memory<\/td>\n<td style=\"width: 50%;\">Stitch Creator ile Yeniden Piko Desen Yapabilme<\/td>\n<\/tr>\n<\/tbody>\n<\/table>\n<\/div><\/div><\/div><\/div><\/div><\/div><\/div><\/section><section class=\"l-section wpb_row height_medium\"><div class=\"l-section-h i-cf\"><div class=\"g-cols vc_row via_flex valign_top type_default stacking_default\"><div class=\"vc_col-sm-12 wpb_column vc_column_container\"><div class=\"vc_column-inner\"><div class=\"wpb_wrapper\"><\/div><\/div><\/div><\/div><\/div><\/section><section class=\"l-section wpb_row height_medium\"><div class=\"l-section-h i-cf\"><div class=\"g-cols vc_row via_flex valign_top type_default stacking_default\"><div class=\"vc_col-sm-12 wpb_column vc_column_container\"><div class=\"vc_column-inner\"><div class=\"wpb_wrapper\"><\/div><\/div><\/div><\/div><\/div><\/section>","protected":false},"excerpt":{"rendered":"<p><span style=\"font-size: 14pt;\">Dokunmatik Renki LCD,332 Adet Dekoratif Desen ve 30 Adet Haf\u0131zas\u0131 ile Hayallerinizi Kuma\u015fa Yans\u0131tabilece\u011finiz Performance 5.2 &#8216;yi Ke\u015ffedin.<\/span><\/p>","protected":false},"featured_media":4241,"comment_status":"closed","ping_status":"closed","template":"","meta":[],"product_cat":[182],"product_tag":[],"class_list":{"0":"post-4245","1":"product","2":"type-product","3":"status-publish","4":"has-post-thumbnail","6":"product_cat-elektronik-piko","7":"pa_marka-pfaff","9":"first","10":"instock","11":"shipping-taxable","12":"product-type-simple"},"_links":{"self":[{"href":"https:\/\/sercanmakina.com.tr\/en\/wp-json\/wp\/v2\/product\/4245","targetHints":{"allow":["GET"]}}],"collection":[{"href":"https:\/\/sercanmakina.com.tr\/en\/wp-json\/wp\/v2\/product"}],"about":[{"href":"https:\/\/sercanmakina.com.tr\/en\/wp-json\/wp\/v2\/types\/product"}],"replies":[{"embeddable":true,"href":"https:\/\/sercanmakina.com.tr\/en\/wp-json\/wp\/v2\/comments?post=4245"}],"wp:featuredmedia":[{"embeddable":true,"href":"https:\/\/sercanmakina.com.tr\/en\/wp-json\/wp\/v2\/media\/4241"}],"wp:attachment":[{"href":"https:\/\/sercanmakina.com.tr\/en\/wp-json\/wp\/v2\/media?parent=4245"}],"wp:term":[{"taxonomy":"product_cat","embeddable":true,"href":"https:\/\/sercanmakina.com.tr\/en\/wp-json\/wp\/v2\/product_cat?post=4245"},{"taxonomy":"product_tag","embeddable":true,"href":"https:\/\/sercanmakina.com.tr\/en\/wp-json\/wp\/v2\/product_tag?post=4245"}],"curies":[{"name":"wp","href":"https:\/\/api.w.org\/{rel}","templated":true}]}}