{"id":4251,"date":"2020-03-16T15:40:28","date_gmt":"2020-03-16T12:40:28","guid":{"rendered":"http:\/\/sercanmakina.com.tr\/?post_type=product&#038;p=4251"},"modified":"2020-03-16T16:00:48","modified_gmt":"2020-03-16T13:00:48","slug":"pfaff-expression-3-5","status":"publish","type":"product","link":"https:\/\/sercanmakina.com.tr\/en\/product\/pfaff-expression-3-5\/","title":{"rendered":"PFAFF EXPRESSION 3.5"},"content":{"rendered":"<section class=\"l-section wpb_row height_auto\"><div class=\"l-section-h i-cf\"><div class=\"g-cols vc_row via_flex valign_top type_default stacking_default\"><div class=\"vc_col-sm-6 wpb_column vc_column_container\"><div class=\"vc_column-inner\"><div class=\"wpb_wrapper\"><div class=\"wpb_text_column\"><div class=\"wpb_wrapper\"><table style=\"border-collapse: collapse; width: 98.2248%; height: 163px;\">\n<tbody>\n<tr style=\"height: 27px;\">\n<td style=\"width: 50%; height: 27px;\">9 mm. Adjustable Stitch Widht<\/td>\n<td style=\"width: 50%; height: 27px;\">IDT\u2122 Integrated Dual Feed<\/td>\n<\/tr>\n<tr style=\"height: 27px;\">\n<td style=\"width: 50%; height: 27px;\">204 Adet Dekoratif Desen<\/td>\n<td style=\"width: 50%; height: 27px;\">Pedal-Less Operation<\/td>\n<\/tr>\n<tr style=\"height: 27px;\">\n<td style=\"width: 50%; height: 27px;\">Automatic Thread Trimmer<\/td>\n<td style=\"width: 50%; height: 27px;\">Illimunated Sewing Surface<\/td>\n<\/tr>\n<tr style=\"height: 28px;\">\n<td style=\"width: 50%; height: 28px;\">Sens\u00f6rmatik \u0130lik A\u00e7abilme<\/td>\n<td style=\"width: 50%; height: 28px;\">12 Buttonhole Types<\/td>\n<\/tr>\n<tr>\n<td style=\"width: 50%;\">LCD Screen<\/td>\n<td style=\"width: 50%;\">3 Farkl\u0131 Fontta Yaz\u0131 Yazabilme<\/td>\n<\/tr>\n<tr>\n<td style=\"width: 50%;\">20 Adet Haf\u0131za<\/td>\n<td style=\"width: 50%;\">Tapering Program\u0131 ile 45 Derecelik A\u00e7\u0131 ile K\u00f6\u015fe D\u00f6nme<\/td>\n<\/tr>\n<\/tbody>\n<\/table>\n<\/div><\/div><\/div><\/div><\/div><\/div><\/div><\/section><section class=\"l-section wpb_row height_medium\"><div class=\"l-section-h i-cf\"><div class=\"g-cols vc_row via_flex valign_top type_default stacking_default\"><div class=\"vc_col-sm-12 wpb_column vc_column_container\"><div class=\"vc_column-inner\"><div class=\"wpb_wrapper\"><\/div><\/div><\/div><\/div><\/div><\/section><section class=\"l-section wpb_row height_medium\"><div class=\"l-section-h i-cf\"><div class=\"g-cols vc_row via_flex valign_top type_default stacking_default\"><div class=\"vc_col-sm-12 wpb_column vc_column_container\"><div class=\"vc_column-inner\"><div class=\"wpb_wrapper\"><\/div><\/div><\/div><\/div><\/div><\/section>","protected":false},"excerpt":{"rendered":"<p>Geni\u015f ve Led Ayd\u0131nlatmal\u0131 \u00c7al\u0131\u015fma Alan\u0131na Sahip Expression 3.5 ile 204 Adet Dekoratif Desen Yapabilir ve Desenlerde 45 Derecelik A\u00e7\u0131larla K\u00f6\u015fe D\u00f6nme Kolayl\u0131\u011f\u0131n\u0131 Ke\u015ffedebilirsiniz.<\/p>","protected":false},"featured_media":4248,"comment_status":"closed","ping_status":"closed","template":"","meta":[],"product_cat":[182],"product_tag":[],"class_list":{"0":"post-4251","1":"product","2":"type-product","3":"status-publish","4":"has-post-thumbnail","6":"product_cat-elektronik-piko","7":"pa_marka-pfaff","9":"first","10":"instock","11":"shipping-taxable","12":"product-type-simple"},"_links":{"self":[{"href":"https:\/\/sercanmakina.com.tr\/en\/wp-json\/wp\/v2\/product\/4251","targetHints":{"allow":["GET"]}}],"collection":[{"href":"https:\/\/sercanmakina.com.tr\/en\/wp-json\/wp\/v2\/product"}],"about":[{"href":"https:\/\/sercanmakina.com.tr\/en\/wp-json\/wp\/v2\/types\/product"}],"replies":[{"embeddable":true,"href":"https:\/\/sercanmakina.com.tr\/en\/wp-json\/wp\/v2\/comments?post=4251"}],"wp:featuredmedia":[{"embeddable":true,"href":"https:\/\/sercanmakina.com.tr\/en\/wp-json\/wp\/v2\/media\/4248"}],"wp:attachment":[{"href":"https:\/\/sercanmakina.com.tr\/en\/wp-json\/wp\/v2\/media?parent=4251"}],"wp:term":[{"taxonomy":"product_cat","embeddable":true,"href":"https:\/\/sercanmakina.com.tr\/en\/wp-json\/wp\/v2\/product_cat?post=4251"},{"taxonomy":"product_tag","embeddable":true,"href":"https:\/\/sercanmakina.com.tr\/en\/wp-json\/wp\/v2\/product_tag?post=4251"}],"curies":[{"name":"wp","href":"https:\/\/api.w.org\/{rel}","templated":true}]}}