{"id":4265,"date":"2020-03-17T13:25:41","date_gmt":"2020-03-17T10:25:41","guid":{"rendered":"http:\/\/sercanmakina.com.tr\/?post_type=product&#038;p=4265"},"modified":"2020-03-17T13:42:20","modified_gmt":"2020-03-17T10:42:20","slug":"pfaff-quilt-ambition-1-0","status":"publish","type":"product","link":"https:\/\/sercanmakina.com.tr\/en\/product\/pfaff-quilt-ambition-1-0\/","title":{"rendered":"PFAFF QUILT AMBITION 1.0"},"content":{"rendered":"<section class=\"l-section wpb_row height_auto\"><div class=\"l-section-h i-cf\"><div class=\"g-cols vc_row via_flex valign_top type_default stacking_default\"><div class=\"vc_col-sm-6 wpb_column vc_column_container\"><div class=\"vc_column-inner\"><div class=\"wpb_wrapper\"><div class=\"wpb_text_column\"><div class=\"wpb_wrapper\"><table style=\"border-collapse: collapse; width: 98.2248%; height: 163px;\">\n<tbody>\n<tr style=\"height: 27px;\">\n<td style=\"width: 50%; height: 27px;\">7 mm. Adjustable Stitch Widht<\/td>\n<td style=\"width: 50%; height: 27px;\">IDT\u2122 Integrated Dual Feed<\/td>\n<\/tr>\n<tr style=\"height: 27px;\">\n<td style=\"width: 50%; height: 27px;\">136 Adet Dekoratif Desen<\/td>\n<td style=\"width: 50%; height: 27px;\">Pedal-Less Operation<\/td>\n<\/tr>\n<tr style=\"height: 27px;\">\n<td style=\"width: 50%; height: 27px;\">Serbest Yorganlama<\/td>\n<td style=\"width: 50%; height: 27px;\">Illimunated Sewing Surface<\/td>\n<\/tr>\n<tr style=\"height: 28px;\">\n<td style=\"width: 50%; height: 28px;\">Otomatik \u0130lik A\u00e7abilme<\/td>\n<td style=\"width: 50%; height: 28px;\">7 Adet \u0130lik \u00c7e\u015fidi<\/td>\n<\/tr>\n<tr>\n<td style=\"width: 50%;\">Do\u011frudan Desen Se\u00e7im D\u00fc\u011fmeleri<\/td>\n<td style=\"width: 50%;\">2 Farkl\u0131 Fontta Yaz\u0131 Yazabilme<\/td>\n<\/tr>\n<tr>\n<td style=\"width: 50%;\">4 Adet Haf\u0131za \/ Her Haf\u0131zaya 20 Desen Kayd\u0131<\/td>\n<td style=\"width: 50%;\">Mirror Image of Stitches<\/td>\n<\/tr>\n<\/tbody>\n<\/table>\n<\/div><\/div><\/div><\/div><\/div><\/div><\/div><\/section><section class=\"l-section wpb_row height_medium\"><div class=\"l-section-h i-cf\"><div class=\"g-cols vc_row via_flex valign_top type_default stacking_default\"><div class=\"vc_col-sm-12 wpb_column vc_column_container\"><div class=\"vc_column-inner\"><div class=\"wpb_wrapper\"><\/div><\/div><\/div><\/div><\/div><\/section><section class=\"l-section wpb_row height_medium\"><div class=\"l-section-h i-cf\"><div class=\"g-cols vc_row via_flex valign_top type_default stacking_default\"><div class=\"vc_col-sm-12 wpb_column vc_column_container\"><div class=\"vc_column-inner\"><div class=\"wpb_wrapper\"><\/div><\/div><\/div><\/div><\/div><\/section>","protected":false},"excerpt":{"rendered":"<p>Pratik Desen Se\u00e7me Butonlar\u0131\u00a0 ve 136 Adet Dekoratif Desen ile Ke\u015ffedilmeyi Bekliyor!<\/p>","protected":false},"featured_media":4267,"comment_status":"closed","ping_status":"closed","template":"","meta":[],"product_cat":[182],"product_tag":[],"class_list":{"0":"post-4265","1":"product","2":"type-product","3":"status-publish","4":"has-post-thumbnail","6":"product_cat-elektronik-piko","7":"pa_marka-pfaff","9":"first","10":"instock","11":"shipping-taxable","12":"product-type-simple"},"_links":{"self":[{"href":"https:\/\/sercanmakina.com.tr\/en\/wp-json\/wp\/v2\/product\/4265","targetHints":{"allow":["GET"]}}],"collection":[{"href":"https:\/\/sercanmakina.com.tr\/en\/wp-json\/wp\/v2\/product"}],"about":[{"href":"https:\/\/sercanmakina.com.tr\/en\/wp-json\/wp\/v2\/types\/product"}],"replies":[{"embeddable":true,"href":"https:\/\/sercanmakina.com.tr\/en\/wp-json\/wp\/v2\/comments?post=4265"}],"wp:featuredmedia":[{"embeddable":true,"href":"https:\/\/sercanmakina.com.tr\/en\/wp-json\/wp\/v2\/media\/4267"}],"wp:attachment":[{"href":"https:\/\/sercanmakina.com.tr\/en\/wp-json\/wp\/v2\/media?parent=4265"}],"wp:term":[{"taxonomy":"product_cat","embeddable":true,"href":"https:\/\/sercanmakina.com.tr\/en\/wp-json\/wp\/v2\/product_cat?post=4265"},{"taxonomy":"product_tag","embeddable":true,"href":"https:\/\/sercanmakina.com.tr\/en\/wp-json\/wp\/v2\/product_tag?post=4265"}],"curies":[{"name":"wp","href":"https:\/\/api.w.org\/{rel}","templated":true}]}}