{"id":4291,"date":"2020-03-18T17:40:16","date_gmt":"2020-03-18T14:40:16","guid":{"rendered":"http:\/\/sercanmakina.com.tr\/?post_type=product&#038;p=4291"},"modified":"2024-07-08T12:17:42","modified_gmt":"2024-07-08T09:17:42","slug":"smarter-by-pfaff-150s","status":"publish","type":"product","link":"https:\/\/sercanmakina.com.tr\/en\/product\/smarter-by-pfaff-150s\/","title":{"rendered":"SMARTER BY PFAFF 150S"},"content":{"rendered":"<section class=\"l-section wpb_row height_auto\"><div class=\"l-section-h i-cf\"><div class=\"g-cols vc_row via_flex valign_top type_default stacking_default\"><div class=\"vc_col-sm-6 wpb_column vc_column_container\"><div class=\"vc_column-inner\"><div class=\"wpb_wrapper\"><div class=\"wpb_text_column\"><div class=\"wpb_wrapper\"><table style=\"border-collapse: collapse; width: 99.9304%; height: 162px;\">\n<tbody>\n<tr style=\"height: 27px;\">\n<td style=\"width: 50%; height: 26px;\">6 mm. Adjustable Stitch Widht<\/td>\n<td style=\"width: 50%; height: 26px;\">Buttonhole in 1 Step<\/td>\n<\/tr>\n<tr style=\"height: 27px;\">\n<td style=\"width: 50%; height: 27px;\">23 Different Decorative Stitches<\/td>\n<td style=\"width: 50%; height: 27px;\">Automatic Threading<\/td>\n<\/tr>\n<tr style=\"height: 27px;\">\n<td style=\"width: 50%; height: 27px;\">Stretch Stitching - Combed, Jersey Stitching<\/td>\n<td style=\"width: 50%; height: 27px;\">Illimunated Sewing Surface<\/td>\n<\/tr>\n<tr style=\"height: 28px;\">\n<td style=\"width: 50%; height: 28px;\">Adjustable Presser Foot<\/td>\n<td style=\"width: 50%; height: 28px;\">Adjustable Stitch Lenght<\/td>\n<\/tr>\n<\/tbody>\n<\/table>\n<\/div><\/div><\/div><\/div><\/div><\/div><\/div><\/section><section class=\"l-section wpb_row height_medium\"><div class=\"l-section-h i-cf\"><div class=\"g-cols vc_row via_flex valign_top type_default stacking_default\"><div class=\"vc_col-sm-12 wpb_column vc_column_container\"><div class=\"vc_column-inner\"><div class=\"wpb_wrapper\"><\/div><\/div><\/div><\/div><\/div><\/section><section class=\"l-section wpb_row height_medium\"><div class=\"l-section-h i-cf\"><div class=\"g-cols vc_row via_flex valign_top type_default stacking_default\"><div class=\"vc_col-sm-12 wpb_column vc_column_container\"><div class=\"vc_column-inner\"><div class=\"wpb_wrapper\"><\/div><\/div><\/div><\/div><\/div><\/section>","protected":false},"excerpt":{"rendered":"<p>&#8221;Profesyonel Sonu\u00e7lar, Evinizin Konforunda.&#8221;<\/p>\n<p><span data-tt=\"{&quot;paragraphStyle&quot;:{&quot;alignment&quot;:4,&quot;writingDirection&quot;:1}}\">Home Sewing Machines are Indispensable Tools For Repairing and Customising Textile Products and for Creative Projects. Offered in a Wide Range for Both Hobbyists And Professional Tailors, These Machines Offer The Opportunity to Perform Sewing Operations in a Faster and More Professional Way. They also Offer Advantages Such as Practical Use, Versatility, Time Saving and Professional Results.<\/span><\/p>\n<p><span data-tt=\"{&quot;paragraphStyle&quot;:{&quot;alignment&quot;:4,&quot;writingDirection&quot;:1}}\">Electronic Machines Offering More Stitch Patterns and Automatic Functions are Ideal for More Complex Projects. Features such as Automatic Thread Inserting and Adjustable Stitch Length Provide User Convenience.<\/span><\/p>\n<p>Mekanik Model Olan Smarter By Pfaff 150S ile 23 De\u011fi\u015fik Dekoratif Desen Yapabilir ve Tek Ad\u0131mda \u0130lik A\u00e7abilirsiniz.<\/p>","protected":false},"featured_media":4283,"comment_status":"closed","ping_status":"closed","template":"","meta":[],"product_cat":[183],"product_tag":[],"class_list":{"0":"post-4291","1":"product","2":"type-product","3":"status-publish","4":"has-post-thumbnail","6":"product_cat-mekanik-piko","7":"pa_marka-pfaff","9":"first","10":"instock","11":"shipping-taxable","12":"product-type-simple"},"_links":{"self":[{"href":"https:\/\/sercanmakina.com.tr\/en\/wp-json\/wp\/v2\/product\/4291","targetHints":{"allow":["GET"]}}],"collection":[{"href":"https:\/\/sercanmakina.com.tr\/en\/wp-json\/wp\/v2\/product"}],"about":[{"href":"https:\/\/sercanmakina.com.tr\/en\/wp-json\/wp\/v2\/types\/product"}],"replies":[{"embeddable":true,"href":"https:\/\/sercanmakina.com.tr\/en\/wp-json\/wp\/v2\/comments?post=4291"}],"wp:featuredmedia":[{"embeddable":true,"href":"https:\/\/sercanmakina.com.tr\/en\/wp-json\/wp\/v2\/media\/4283"}],"wp:attachment":[{"href":"https:\/\/sercanmakina.com.tr\/en\/wp-json\/wp\/v2\/media?parent=4291"}],"wp:term":[{"taxonomy":"product_cat","embeddable":true,"href":"https:\/\/sercanmakina.com.tr\/en\/wp-json\/wp\/v2\/product_cat?post=4291"},{"taxonomy":"product_tag","embeddable":true,"href":"https:\/\/sercanmakina.com.tr\/en\/wp-json\/wp\/v2\/product_tag?post=4291"}],"curies":[{"name":"wp","href":"https:\/\/api.w.org\/{rel}","templated":true}]}}