{"id":4554,"date":"2020-04-07T02:30:36","date_gmt":"2020-04-06T23:30:36","guid":{"rendered":"http:\/\/sercanmakina.com.tr\/?post_type=product&#038;p=4554"},"modified":"2020-04-07T02:33:29","modified_gmt":"2020-04-06T23:33:29","slug":"broderi-bd-9003-5","status":"publish","type":"product","link":"https:\/\/sercanmakina.com.tr\/en\/product\/broderi-bd-9003-5\/","title":{"rendered":"BRODER\u0130 BD-9003 5&#8221;"},"content":{"rendered":"<section class=\"l-section wpb_row height_auto\"><div class=\"l-section-h i-cf\"><div class=\"g-cols vc_row via_flex valign_top type_default stacking_default\"><div class=\"vc_col-sm-6 wpb_column vc_column_container\"><div class=\"vc_column-inner\"><div class=\"wpb_wrapper\"><div class=\"wpb_text_column\"><div class=\"wpb_wrapper\"><table style=\"border-collapse: collapse; width: 94.8421%; height: 163px;\">\n<tbody>\n<tr>\n<td style=\"width: 49.88532110091743%;\" data-colwidth=\"336\">\n<div data-pm-slice=\"1 1 &#091;&quot;table&quot;,null,&quot;tr&quot;,null,&quot;td&quot;,null&#093;\" data-en-clipboard=\"true\">370 W Motor G\u00fcc\u00fc<\/div>\n<\/td>\n<td style=\"width: 50%;\" data-colwidth=\"336\">\n<div>Kesim H\u0131z\u0131: 2800 &#8211; 3400 RPM<\/div>\n<\/td>\n<\/tr>\n<tr>\n<td style=\"width: 49.88532110091743%;\" data-colwidth=\"336\">\n<div data-pm-slice=\"1 1 &#091;&quot;table&quot;,null,&quot;tr&quot;,null,&quot;td&quot;,null&#093;\" data-en-clipboard=\"true\">\n<div data-pm-slice=\"1 1 &#091;&quot;table&quot;,null,&quot;tr&quot;,null,&quot;td&quot;,null&#093;\" data-en-clipboard=\"true\">\n<div data-pm-slice=\"1 1 &#091;&quot;table&quot;,null,&quot;tr&quot;,null,&quot;td&quot;,null&#093;\" data-en-clipboard=\"true\">\n<div data-pm-slice=\"1 1 &#091;&quot;table&quot;,null,&quot;tr&quot;,null,&quot;td&quot;,null&#093;\" data-en-clipboard=\"true\">\n<div data-pm-slice=\"1 1 &#091;&quot;table&quot;,null,&quot;tr&quot;,null,&quot;td&quot;,null&#093;\" data-en-clipboard=\"true\">\n<div data-pm-slice=\"1 1 &#091;&quot;table&quot;,null,&quot;tr&quot;,null,&quot;td&quot;,null&#093;\" data-en-clipboard=\"true\">B\u0131\u00e7ak Boyu:\u00a0<span style=\"font-family: inherit; font-size: inherit;\">5 in\u00e7 (12,7 cm.)<\/span><\/div>\n<\/div>\n<\/div>\n<\/div>\n<\/div>\n<\/div>\n<\/td>\n<td style=\"width: 50%;\" data-colwidth=\"336\">\n<div>Kesim Kapasitesi: 3,5 in\u00e7 (8,9 cm.)<\/div>\n<\/td>\n<\/tr>\n<\/tbody>\n<\/table>\n<\/div><\/div><\/div><\/div><\/div><div class=\"vc_col-sm-6 wpb_column vc_column_container\"><div class=\"vc_column-inner\"><div class=\"wpb_wrapper\"><\/div><\/div><\/div><\/div><\/div><\/section>","protected":false},"excerpt":{"rendered":"<div data-pm-slice=\"1 1 [&quot;table&quot;,null,&quot;tr&quot;,null,&quot;td&quot;,null]\" data-en-clipboard=\"true\">\n<div data-pm-slice=\"1 1 []\" data-en-clipboard=\"true\">\n<div data-pm-slice=\"1 1 []\" data-en-clipboard=\"true\">\n<div data-pm-slice=\"1 1 []\" data-en-clipboard=\"true\">\n<div data-pm-slice=\"1 1 []\" data-en-clipboard=\"true\">\n<div data-pm-slice=\"1 1 []\" data-en-clipboard=\"true\">\n<div data-pm-slice=\"1 1 []\" data-en-clipboard=\"true\">\n<div data-pm-slice=\"1 1 []\" data-en-clipboard=\"true\">\n<div data-pm-slice=\"1 1 []\" data-en-clipboard=\"true\">\n<div data-pm-slice=\"1 1 []\" data-en-clipboard=\"true\">\n<div data-pm-slice=\"1 1 []\" data-en-clipboard=\"true\">\n<div data-pm-slice=\"1 1 []\" data-en-clipboard=\"true\">\n<div data-pm-slice=\"1 1 []\" data-en-clipboard=\"true\">\n<div data-pm-slice=\"1 1 []\" data-en-clipboard=\"true\">\n<div data-pm-slice=\"1 1 []\" data-en-clipboard=\"true\">5 \u0130n\u00e7 B\u0131\u00e7akl\u0131 BRODER\u0130 BD-9003 Kesim Motorunun Pratikli\u011fini \u00c7ok Seveceksiniz.<\/div>\n<\/div>\n<\/div>\n<\/div>\n<\/div>\n<\/div>\n<\/div>\n<\/div>\n<\/div>\n<\/div>\n<\/div>\n<\/div>\n<\/div>\n<\/div>\n<\/div>\n<p>&nbsp;<\/p>","protected":false},"featured_media":4551,"comment_status":"closed","ping_status":"closed","template":"","meta":[],"product_cat":[207],"product_tag":[],"class_list":{"0":"post-4554","1":"product","2":"type-product","3":"status-publish","4":"has-post-thumbnail","6":"product_cat-kesim-motorlari","7":"pa_marka-broderi","9":"first","10":"instock","11":"shipping-taxable","12":"product-type-simple"},"_links":{"self":[{"href":"https:\/\/sercanmakina.com.tr\/en\/wp-json\/wp\/v2\/product\/4554","targetHints":{"allow":["GET"]}}],"collection":[{"href":"https:\/\/sercanmakina.com.tr\/en\/wp-json\/wp\/v2\/product"}],"about":[{"href":"https:\/\/sercanmakina.com.tr\/en\/wp-json\/wp\/v2\/types\/product"}],"replies":[{"embeddable":true,"href":"https:\/\/sercanmakina.com.tr\/en\/wp-json\/wp\/v2\/comments?post=4554"}],"wp:featuredmedia":[{"embeddable":true,"href":"https:\/\/sercanmakina.com.tr\/en\/wp-json\/wp\/v2\/media\/4551"}],"wp:attachment":[{"href":"https:\/\/sercanmakina.com.tr\/en\/wp-json\/wp\/v2\/media?parent=4554"}],"wp:term":[{"taxonomy":"product_cat","embeddable":true,"href":"https:\/\/sercanmakina.com.tr\/en\/wp-json\/wp\/v2\/product_cat?post=4554"},{"taxonomy":"product_tag","embeddable":true,"href":"https:\/\/sercanmakina.com.tr\/en\/wp-json\/wp\/v2\/product_tag?post=4554"}],"curies":[{"name":"wp","href":"https:\/\/api.w.org\/{rel}","templated":true}]}}