{"id":4555,"date":"2020-04-07T02:34:10","date_gmt":"2020-04-06T23:34:10","guid":{"rendered":"http:\/\/sercanmakina.com.tr\/?post_type=product&#038;p=4555"},"modified":"2020-04-07T02:40:15","modified_gmt":"2020-04-06T23:40:15","slug":"broderi-bd-988-1600w","status":"publish","type":"product","link":"https:\/\/sercanmakina.com.tr\/en\/product\/broderi-bd-988-1600w\/","title":{"rendered":"BRODER\u0130 BD-988 (1600W)"},"content":{"rendered":"<section class=\"l-section wpb_row height_auto\"><div class=\"l-section-h i-cf\"><div class=\"g-cols vc_row via_flex valign_top type_default stacking_default\"><div class=\"vc_col-sm-6 wpb_column vc_column_container\"><div class=\"vc_column-inner\"><div class=\"wpb_wrapper\"><div class=\"wpb_text_column\"><div class=\"wpb_wrapper\"><table style=\"border-collapse: collapse; width: 94.8421%; height: 163px;\">\n<tbody>\n<tr>\n<td style=\"width: 49.88532110091743%;\" data-colwidth=\"336\">\n<div data-pm-slice=\"1 1 &#091;&quot;table&quot;,null,&quot;tr&quot;,null,&quot;td&quot;,null&#093;\" data-en-clipboard=\"true\">1600 W Motor G\u00fcc\u00fc<\/div>\n<\/td>\n<td style=\"width: 50%;\" data-colwidth=\"336\">\n<div>Kesim H\u0131z\u0131: 1000 &#8211; 4100 RPM<\/div>\n<\/td>\n<\/tr>\n<tr>\n<td style=\"width: 49.88532110091743%;\" data-colwidth=\"336\">\n<div data-pm-slice=\"1 1 &#091;&quot;table&quot;,null,&quot;tr&quot;,null,&quot;td&quot;,null&#093;\" data-en-clipboard=\"true\">\n<div data-pm-slice=\"1 1 &#091;&quot;table&quot;,null,&quot;tr&quot;,null,&quot;td&quot;,null&#093;\" data-en-clipboard=\"true\">\n<div data-pm-slice=\"1 1 &#091;&quot;table&quot;,null,&quot;tr&quot;,null,&quot;td&quot;,null&#093;\" data-en-clipboard=\"true\">\n<div data-pm-slice=\"1 1 &#091;&quot;table&quot;,null,&quot;tr&quot;,null,&quot;td&quot;,null&#093;\" data-en-clipboard=\"true\">\n<div data-pm-slice=\"1 1 &#091;&quot;table&quot;,null,&quot;tr&quot;,null,&quot;td&quot;,null&#093;\" data-en-clipboard=\"true\">\n<div data-pm-slice=\"1 1 &#091;&quot;table&quot;,null,&quot;tr&quot;,null,&quot;td&quot;,null&#093;\" data-en-clipboard=\"true\">B\u0131\u00e7ak Boyu: 10<span style=\"font-family: inherit; font-size: inherit;\">\u00a0in\u00e7 (25,4 cm.)<\/span><\/div>\n<\/div>\n<\/div>\n<\/div>\n<\/div>\n<\/div>\n<\/td>\n<td style=\"width: 50%;\" data-colwidth=\"336\">Cutting Capacity:\u00a0<span style=\"font-family: inherit; font-size: inherit;\">8,5 in\u00e7 (21,5 cm.)<\/span><\/td>\n<\/tr>\n<\/tbody>\n<\/table>\n<\/div><\/div><\/div><\/div><\/div><div class=\"vc_col-sm-6 wpb_column vc_column_container\"><div class=\"vc_column-inner\"><div class=\"wpb_wrapper\"><\/div><\/div><\/div><\/div><\/div><\/section>","protected":false},"excerpt":{"rendered":"<div data-pm-slice=\"1 1 [&quot;table&quot;,null,&quot;tr&quot;,null,&quot;td&quot;,null]\" data-en-clipboard=\"true\">\n<div data-pm-slice=\"1 1 []\" data-en-clipboard=\"true\">\n<div data-pm-slice=\"1 1 []\" data-en-clipboard=\"true\">\n<div data-pm-slice=\"1 1 []\" data-en-clipboard=\"true\">\n<div data-pm-slice=\"1 1 []\" data-en-clipboard=\"true\">\n<div data-pm-slice=\"1 1 []\" data-en-clipboard=\"true\">\n<div data-pm-slice=\"1 1 []\" data-en-clipboard=\"true\">\n<div data-pm-slice=\"1 1 []\" data-en-clipboard=\"true\">\n<div data-pm-slice=\"1 1 []\" data-en-clipboard=\"true\">\n<div data-pm-slice=\"1 1 []\" data-en-clipboard=\"true\">\n<div data-pm-slice=\"1 1 []\" data-en-clipboard=\"true\">\n<div data-pm-slice=\"1 1 []\" data-en-clipboard=\"true\">\n<div data-pm-slice=\"1 1 []\" data-en-clipboard=\"true\">\n<div data-pm-slice=\"1 1 []\" data-en-clipboard=\"true\">\n<div data-pm-slice=\"1 1 []\" data-en-clipboard=\"true\">\n<div data-pm-slice=\"1 1 []\" data-en-clipboard=\"true\">Kal\u0131n, \u0130nce ve Orta Kal\u0131nl\u0131ktaki Materyaller i\u00e7in \u0130deal H\u0131z Ayarl\u0131 Kuma\u015f Kesim Motorunuz.Ekstra Devirli ve Ekstra G\u00fc\u00e7l\u00fc Motorunu Ke\u015ffetmeye Haz\u0131r Olun!!!<\/div>\n<\/div>\n<\/div>\n<\/div>\n<\/div>\n<\/div>\n<\/div>\n<\/div>\n<\/div>\n<\/div>\n<\/div>\n<\/div>\n<\/div>\n<\/div>\n<\/div>\n<\/div>\n<p>&nbsp;<\/p>","protected":false},"featured_media":4550,"comment_status":"closed","ping_status":"closed","template":"","meta":[],"product_cat":[207],"product_tag":[],"class_list":{"0":"post-4555","1":"product","2":"type-product","3":"status-publish","4":"has-post-thumbnail","6":"product_cat-kesim-motorlari","7":"pa_marka-broderi","9":"first","10":"instock","11":"shipping-taxable","12":"product-type-simple"},"_links":{"self":[{"href":"https:\/\/sercanmakina.com.tr\/en\/wp-json\/wp\/v2\/product\/4555","targetHints":{"allow":["GET"]}}],"collection":[{"href":"https:\/\/sercanmakina.com.tr\/en\/wp-json\/wp\/v2\/product"}],"about":[{"href":"https:\/\/sercanmakina.com.tr\/en\/wp-json\/wp\/v2\/types\/product"}],"replies":[{"embeddable":true,"href":"https:\/\/sercanmakina.com.tr\/en\/wp-json\/wp\/v2\/comments?post=4555"}],"wp:featuredmedia":[{"embeddable":true,"href":"https:\/\/sercanmakina.com.tr\/en\/wp-json\/wp\/v2\/media\/4550"}],"wp:attachment":[{"href":"https:\/\/sercanmakina.com.tr\/en\/wp-json\/wp\/v2\/media?parent=4555"}],"wp:term":[{"taxonomy":"product_cat","embeddable":true,"href":"https:\/\/sercanmakina.com.tr\/en\/wp-json\/wp\/v2\/product_cat?post=4555"},{"taxonomy":"product_tag","embeddable":true,"href":"https:\/\/sercanmakina.com.tr\/en\/wp-json\/wp\/v2\/product_tag?post=4555"}],"curies":[{"name":"wp","href":"https:\/\/api.w.org\/{rel}","templated":true}]}}