{"id":4639,"date":"2020-04-29T04:07:26","date_gmt":"2020-04-29T01:07:26","guid":{"rendered":"http:\/\/sercanmakina.com.tr\/?post_type=product&#038;p=4639"},"modified":"2024-12-07T16:42:56","modified_gmt":"2024-12-07T13:42:56","slug":"ctec-ct300ub5-kenar-kapama-dikis-makinasi","status":"publish","type":"product","link":"https:\/\/sercanmakina.com.tr\/en\/product\/ctec-ct300ub5-kenar-kapama-dikis-makinasi\/","title":{"rendered":"CTEC CT300UB5 Tape Edge Sewing Head"},"content":{"rendered":"<section class=\"l-section wpb_row height_auto\"><div class=\"l-section-h i-cf\"><div class=\"g-cols vc_row via_flex valign_top type_default stacking_default\"><div class=\"vc_col-sm-6 wpb_column vc_column_container\"><div class=\"vc_column-inner\"><div class=\"wpb_wrapper\"><div class=\"wpb_text_column\"><div class=\"wpb_wrapper\"><table style=\"border-collapse: collapse; width: 94.8421%; height: 168px;\">\n<tbody>\n<tr style=\"height: 28px;\">\n<td style=\"width: 49.8853%; height: 28px;\" data-colwidth=\"336\">\n<div>Max.Sewing Thickness: 12 mm.<\/div>\n<\/td>\n<td style=\"width: 50%; height: 28px;\" data-colwidth=\"336\">\n<div>Sewing Speed: 4000 RPM<\/div>\n<\/td>\n<\/tr>\n<tr style=\"height: 28px;\">\n<td style=\"width: 49.8853%; height: 28px;\" data-colwidth=\"336\">\n<div>Presser Foot Height: 16 mm.<\/div>\n<\/td>\n<td style=\"width: 50%; height: 28px;\" data-colwidth=\"336\">\n<div>Max. Stitch Lenght: 8 mm.<\/div>\n<\/td>\n<\/tr>\n<tr style=\"height: 28px;\">\n<td style=\"width: 49.8853%; height: 28px;\" data-colwidth=\"336\">Max.Sewing Thickness: 60 mm.<\/td>\n<td style=\"width: 50%; height: 28px;\" data-colwidth=\"336\">Chain Stitch<\/td>\n<\/tr>\n<tr style=\"height: 28px;\">\n<td style=\"width: 49.8853%; height: 28px;\" data-colwidth=\"336\">Top Feeding Mechanism<\/td>\n<td style=\"width: 50%; height: 28px;\" data-colwidth=\"336\"><\/td>\n<\/tr>\n<\/tbody>\n<\/table>\n<\/div><\/div><\/div><\/div><\/div><div class=\"vc_col-sm-6 wpb_column vc_column_container\"><div class=\"vc_column-inner\"><div class=\"wpb_wrapper\"><\/div><\/div><\/div><\/div><\/div><\/section>","protected":false},"excerpt":{"rendered":"<div data-pm-slice=\"1 1 [&quot;table&quot;,null,&quot;tr&quot;,null,&quot;td&quot;,null]\" data-en-clipboard=\"true\">\n<div data-pm-slice=\"1 1 []\" data-en-clipboard=\"true\">\n<div data-pm-slice=\"1 1 []\" data-en-clipboard=\"true\">\n<div data-pm-slice=\"1 1 []\" data-en-clipboard=\"true\">\n<div data-pm-slice=\"1 1 []\" data-en-clipboard=\"true\">\n<div data-pm-slice=\"1 1 []\" data-en-clipboard=\"true\">\n<div data-pm-slice=\"1 1 []\" data-en-clipboard=\"true\">\n<div data-pm-slice=\"1 1 []\" data-en-clipboard=\"true\">\n<div data-pm-slice=\"1 1 []\" data-en-clipboard=\"true\">\n<div data-pm-slice=\"1 1 []\" data-en-clipboard=\"true\">\n<div data-pm-slice=\"1 1 []\" data-en-clipboard=\"true\">\n<div data-pm-slice=\"1 1 []\" data-en-clipboard=\"true\">\n<div data-pm-slice=\"1 1 []\" data-en-clipboard=\"true\">\n<div data-pm-slice=\"1 1 []\" data-en-clipboard=\"true\">\n<div data-pm-slice=\"1 1 []\" data-en-clipboard=\"true\">\n<div data-pm-slice=\"1 1 []\" data-en-clipboard=\"true\">\n<div data-pm-slice=\"1 1 []\" data-en-clipboard=\"true\">\n<div data-pm-slice=\"1 1 []\" data-en-clipboard=\"true\">\n<div data-pm-slice=\"1 1 []\" data-en-clipboard=\"true\">\n<div data-pm-slice=\"1 1 []\" data-en-clipboard=\"true\">\n<div data-pm-slice=\"1 1 []\" data-en-clipboard=\"true\">\n<div data-pm-slice=\"1 1 []\" data-en-clipboard=\"true\">\n<div data-pm-slice=\"1 1 []\" data-en-clipboard=\"true\">\n<div data-pm-slice=\"1 1 []\" data-en-clipboard=\"true\">\n<p><strong>The New Name Of Speed and Precision In Manufacturing: CTEC CT300UB5!<\/strong><\/p>\n<p>Looking for a Machine That Will Accelerate Your Workflow and Stand Out With Its Precision? Meet The CTEC CT300UB5!<\/p>\n<p><strong>Manufactured In Taiwan and Proudly Distributed In Turkey By Sercan Makina! \ud83c\uddf9\ud83c\uddf7<\/strong> Ve T\u00fcrkiye Distrib\u00fct\u00f6r\u00fc <strong>Sercan Makina<\/strong> Taraf\u0131ndan Sunulmaktad\u0131r! \ud83c\uddf9\ud83c\uddf7<\/p>\n<p><strong>Increase Efficiency, Reduce Errors. Take Your Production To The Next Level With CTEC CT300UB5!<\/strong><\/p>\n<p>Contact Us Now For More Details!<\/p>\n<\/div>\n<\/div>\n<div data-pm-slice=\"1 1 []\" data-en-clipboard=\"true\"><\/div>\n<div data-pm-slice=\"1 1 []\" data-en-clipboard=\"true\"><\/div>\n<\/div>\n<\/div>\n<div data-pm-slice=\"1 1 []\" data-en-clipboard=\"true\">\n<div data-pm-slice=\"1 1 []\" data-en-clipboard=\"true\">\n<div data-pm-slice=\"1 1 []\" data-en-clipboard=\"true\">\n<div data-pm-slice=\"1 1 []\" data-en-clipboard=\"true\">\n<div><\/div>\n<div><\/div>\n<\/div>\n<\/div>\n<\/div>\n<\/div>\n<\/div>\n<\/div>\n<\/div>\n<\/div>\n<\/div>\n<\/div>\n<\/div>\n<\/div>\n<\/div>\n<\/div>\n<\/div>\n<\/div>\n<\/div>\n<\/div>\n<\/div>\n<\/div>\n<\/div>\n<\/div>\n<\/div>\n<\/div>\n<p>&nbsp;<\/p>\n<p>&nbsp;<\/p>","protected":false},"featured_media":4643,"comment_status":"closed","ping_status":"closed","template":"","meta":[],"product_cat":[200],"product_tag":[],"class_list":{"0":"post-4639","1":"product","2":"type-product","3":"status-publish","4":"has-post-thumbnail","6":"product_cat-yatak-makinalari","7":"pa_marka-ctec","9":"first","10":"instock","11":"shipping-taxable","12":"product-type-simple"},"_links":{"self":[{"href":"https:\/\/sercanmakina.com.tr\/en\/wp-json\/wp\/v2\/product\/4639","targetHints":{"allow":["GET"]}}],"collection":[{"href":"https:\/\/sercanmakina.com.tr\/en\/wp-json\/wp\/v2\/product"}],"about":[{"href":"https:\/\/sercanmakina.com.tr\/en\/wp-json\/wp\/v2\/types\/product"}],"replies":[{"embeddable":true,"href":"https:\/\/sercanmakina.com.tr\/en\/wp-json\/wp\/v2\/comments?post=4639"}],"wp:featuredmedia":[{"embeddable":true,"href":"https:\/\/sercanmakina.com.tr\/en\/wp-json\/wp\/v2\/media\/4643"}],"wp:attachment":[{"href":"https:\/\/sercanmakina.com.tr\/en\/wp-json\/wp\/v2\/media?parent=4639"}],"wp:term":[{"taxonomy":"product_cat","embeddable":true,"href":"https:\/\/sercanmakina.com.tr\/en\/wp-json\/wp\/v2\/product_cat?post=4639"},{"taxonomy":"product_tag","embeddable":true,"href":"https:\/\/sercanmakina.com.tr\/en\/wp-json\/wp\/v2\/product_tag?post=4639"}],"curies":[{"name":"wp","href":"https:\/\/api.w.org\/{rel}","templated":true}]}}