{"id":4741,"date":"2020-05-26T19:23:06","date_gmt":"2020-05-26T16:23:06","guid":{"rendered":"http:\/\/sercanmakina.com.tr\/?post_type=product&#038;p=4741"},"modified":"2020-05-26T19:29:49","modified_gmt":"2020-05-26T16:29:49","slug":"harmony-sm-psa-2101-a","status":"publish","type":"product","link":"https:\/\/sercanmakina.com.tr\/en\/product\/harmony-sm-psa-2101-a\/","title":{"rendered":"HARMONY SM\/PSA 2101 A"},"content":{"rendered":"<section class=\"l-section wpb_row height_auto\"><div class=\"l-section-h i-cf\"><div class=\"g-cols vc_row via_flex valign_top type_default stacking_default\"><div class=\"vc_col-sm-6 wpb_column vc_column_container\"><div class=\"vc_column-inner\"><div class=\"wpb_wrapper\"><div class=\"wpb_text_column\"><div class=\"wpb_wrapper\"><table style=\"height: 196px; width: 94.8421%; border-collapse: collapse;\">\n<tbody>\n<tr style=\"height: 28px;\">\n<td style=\"width: 49.8853%; height: 28px;\" data-colwidth=\"336\">\n<div>Portability<\/div>\n<\/td>\n<td style=\"width: 50%; height: 28px;\" data-colwidth=\"336\">\n<div>Time and Electricity Saving<\/div>\n<\/td>\n<\/tr>\n<tr style=\"height: 28px;\">\n<td style=\"width: 49.8853%; height: 28px;\" data-colwidth=\"336\">\n<div>Easy to Use<\/div>\n<\/td>\n<td style=\"width: 50%; height: 28px;\" data-colwidth=\"336\">\n<div>Quiet Fan Controlled by Foot Pedal<\/div>\n<\/td>\n<\/tr>\n<tr style=\"height: 28px;\">\n<td style=\"width: 49.8853%;\" data-colwidth=\"336\">\n<div data-pm-slice=\"1 1 &#091;&quot;table&quot;,null,&quot;tr&quot;,null,&quot;td&quot;,null&#093;\" data-en-clipboard=\"true\">Board Resistance Power: 1000 W<\/div>\n<\/td>\n<td style=\"width: 50%;\" data-colwidth=\"336\">\n<div>Boiler Resistance Power: 1250 W<\/div>\n<\/td>\n<\/tr>\n<tr>\n<td style=\"width: 49.8853%;\" data-colwidth=\"336\">\n<div>Iron Resistance Power: 800 W<\/div>\n<\/td>\n<td style=\"width: 50%;\" data-colwidth=\"336\">\n<div>Fan Power: 70 W<\/div>\n<\/td>\n<\/tr>\n<tr>\n<td style=\"width: 49.8853%;\" data-colwidth=\"336\">\n<div>Steam Pressure: 2,5 bar<\/div>\n<\/td>\n<td style=\"width: 50%;\" data-colwidth=\"336\">\n<div>Voltage: 220 V<\/div>\n<\/td>\n<\/tr>\n<tr>\n<td style=\"width: 49.8853%;\" data-colwidth=\"336\">\n<div>Weight: 21 kg.<\/div>\n<\/td>\n<td style=\"width: 50%;\" data-colwidth=\"336\">\n<div>Dimensions: 25 x 40 x 153 cm.<\/div>\n<\/td>\n<\/tr>\n<\/tbody>\n<\/table>\n<\/div><\/div><\/div><\/div><\/div><div class=\"vc_col-sm-6 wpb_column vc_column_container\"><div class=\"vc_column-inner\"><div class=\"wpb_wrapper\"><\/div><\/div><\/div><\/div><\/div><\/section>","protected":false},"excerpt":{"rendered":"<div data-pm-slice=\"1 1 [&quot;table&quot;,null,&quot;tr&quot;,null,&quot;td&quot;,null]\" data-en-clipboard=\"true\">\n<div data-pm-slice=\"1 1 []\" data-en-clipboard=\"true\">\n<div data-pm-slice=\"1 1 []\" data-en-clipboard=\"true\">\n<div data-pm-slice=\"1 1 []\" data-en-clipboard=\"true\">\n<div data-pm-slice=\"1 1 []\" data-en-clipboard=\"true\">\n<div data-pm-slice=\"1 1 []\" data-en-clipboard=\"true\">\n<div data-pm-slice=\"1 1 []\" data-en-clipboard=\"true\">\n<div data-pm-slice=\"1 1 []\" data-en-clipboard=\"true\">\n<div data-pm-slice=\"1 1 []\" data-en-clipboard=\"true\">\n<div data-pm-slice=\"1 1 []\" data-en-clipboard=\"true\">\n<div data-pm-slice=\"1 1 []\" data-en-clipboard=\"true\">\n<div data-pm-slice=\"1 1 []\" data-en-clipboard=\"true\">\n<div data-pm-slice=\"1 1 []\" data-en-clipboard=\"true\">\n<div data-pm-slice=\"1 1 []\" data-en-clipboard=\"true\">\n<div data-pm-slice=\"1 1 []\" data-en-clipboard=\"true\">\n<div data-pm-slice=\"1 1 []\" data-en-clipboard=\"true\">\n<div data-pm-slice=\"1 1 []\" data-en-clipboard=\"true\">\n<div data-pm-slice=\"1 1 []\" data-en-clipboard=\"true\">\n<div data-pm-slice=\"1 1 []\" data-en-clipboard=\"true\">\n<div data-pm-slice=\"1 1 []\" data-en-clipboard=\"true\">\n<div data-pm-slice=\"1 1 []\" data-en-clipboard=\"true\">\n<div data-pm-slice=\"1 1 []\" data-en-clipboard=\"true\">\n<div data-pm-slice=\"1 1 []\" data-en-clipboard=\"true\">\n<div data-pm-slice=\"1 1 []\" data-en-clipboard=\"true\">\n<div data-pm-slice=\"1 1 []\" data-en-clipboard=\"true\">\n<div data-pm-slice=\"1 1 []\" data-en-clipboard=\"true\">\n<div data-pm-slice=\"1 1 []\" data-en-clipboard=\"true\">\n<div data-pm-slice=\"1 1 []\" data-en-clipboard=\"true\">\n<div data-pm-slice=\"1 1 []\" data-en-clipboard=\"true\">\n<div data-pm-slice=\"1 1 []\" data-en-clipboard=\"true\">\n<div data-pm-slice=\"1 1 []\" data-en-clipboard=\"true\">\n<div data-pm-slice=\"1 1 []\" data-en-clipboard=\"true\">\n<div data-pm-slice=\"1 1 []\" data-en-clipboard=\"true\">\n<div data-pm-slice=\"1 1 []\" data-en-clipboard=\"true\">\n<div data-pm-slice=\"1 1 []\" data-en-clipboard=\"true\">\n<div data-pm-slice=\"1 1 []\" data-en-clipboard=\"true\">\n<div data-pm-slice=\"1 1 []\" data-en-clipboard=\"true\">\n<div data-pm-slice=\"1 1 []\" data-en-clipboard=\"true\">\n<div data-pm-slice=\"1 1 []\" data-en-clipboard=\"true\">\n<div data-pm-slice=\"1 1 []\" data-en-clipboard=\"true\">It is a Foldable Ironing Table Which Has Vacuum Feature.It Occupies Less Space at the end of the Work with Its Folding.You Can Supply It From Sercan Makina,Your Supplier.<\/div>\n<\/div>\n<\/div>\n<\/div>\n<div data-pm-slice=\"1 1 []\" data-en-clipboard=\"true\"><\/div>\n<\/div>\n<div data-pm-slice=\"1 1 []\" data-en-clipboard=\"true\">\n<div data-pm-slice=\"1 1 []\" data-en-clipboard=\"true\">Models :<\/div>\n<div><\/div>\n<div>*<b>SM\/PSA 2102 A: With 2 Lt. Boiler Type Steam Iron<\/b>\u00a0: 2 Litre \u00dct\u00fcl\u00fc Katlanabilir \u00dct\u00fc Masas\u0131.<\/div>\n<div><\/div>\n<div>*<b>SM\/PSA 2135 A: With 3,5 Lt. Boiler Type Steam Iron\u00a0<\/b>: 3,5 Litre \u00dct\u00fcl\u00fc Katlanabilir \u00dct\u00fc Masas\u0131.<\/div>\n<div><\/div>\n<div>*<b>SM\/PSA 2140 A: With 4 Lt. Boiler Type Steam Iron<\/b>\u00a0: 4 Litre \u00dct\u00fcl\u00fc Katlanabilir \u00dct\u00fc Masas\u0131.<\/div>\n<div><\/div>\n<div>*<b>SM\/PSA 2150 A: With 5 Lt. Boiler Type Steam Iron<\/b>\u00a0: 5 Litre \u00dct\u00fcl\u00fc Katlanabilir \u00dct\u00fc Masas\u0131.<\/div>\n<\/div>\n<\/div>\n<\/div>\n<\/div>\n<\/div>\n<\/div>\n<\/div>\n<\/div>\n<\/div>\n<\/div>\n<\/div>\n<\/div>\n<\/div>\n<\/div>\n<div data-pm-slice=\"1 1 []\" data-en-clipboard=\"true\"><\/div>\n<div data-pm-slice=\"1 1 []\" data-en-clipboard=\"true\"><\/div>\n<\/div>\n<\/div>\n<div data-pm-slice=\"1 1 []\" data-en-clipboard=\"true\">\n<div data-pm-slice=\"1 1 []\" data-en-clipboard=\"true\">\n<div data-pm-slice=\"1 1 []\" data-en-clipboard=\"true\">\n<div data-pm-slice=\"1 1 []\" data-en-clipboard=\"true\">\n<div><\/div>\n<div><\/div>\n<\/div>\n<\/div>\n<\/div>\n<\/div>\n<\/div>\n<\/div>\n<\/div>\n<\/div>\n<\/div>\n<\/div>\n<\/div>\n<\/div>\n<\/div>\n<\/div>\n<\/div>\n<\/div>\n<\/div>\n<\/div>\n<\/div>\n<\/div>\n<\/div>\n<\/div>\n<\/div>\n<\/div>\n<p>&nbsp;<\/p>\n<p>&nbsp;<\/p>","protected":false},"featured_media":4736,"comment_status":"closed","ping_status":"closed","template":"","meta":[],"product_cat":[213],"product_tag":[],"class_list":{"0":"post-4741","1":"product","2":"type-product","3":"status-publish","4":"has-post-thumbnail","6":"product_cat-utu-masalari-utuler-paskaralari-sanayi-tipi-urunler","7":"pa_marka-silter","9":"first","10":"instock","11":"shipping-taxable","12":"product-type-simple"},"_links":{"self":[{"href":"https:\/\/sercanmakina.com.tr\/en\/wp-json\/wp\/v2\/product\/4741","targetHints":{"allow":["GET"]}}],"collection":[{"href":"https:\/\/sercanmakina.com.tr\/en\/wp-json\/wp\/v2\/product"}],"about":[{"href":"https:\/\/sercanmakina.com.tr\/en\/wp-json\/wp\/v2\/types\/product"}],"replies":[{"embeddable":true,"href":"https:\/\/sercanmakina.com.tr\/en\/wp-json\/wp\/v2\/comments?post=4741"}],"wp:featuredmedia":[{"embeddable":true,"href":"https:\/\/sercanmakina.com.tr\/en\/wp-json\/wp\/v2\/media\/4736"}],"wp:attachment":[{"href":"https:\/\/sercanmakina.com.tr\/en\/wp-json\/wp\/v2\/media?parent=4741"}],"wp:term":[{"taxonomy":"product_cat","embeddable":true,"href":"https:\/\/sercanmakina.com.tr\/en\/wp-json\/wp\/v2\/product_cat?post=4741"},{"taxonomy":"product_tag","embeddable":true,"href":"https:\/\/sercanmakina.com.tr\/en\/wp-json\/wp\/v2\/product_tag?post=4741"}],"curies":[{"name":"wp","href":"https:\/\/api.w.org\/{rel}","templated":true}]}}