{"id":4822,"date":"2020-09-09T23:39:44","date_gmt":"2020-09-09T20:39:44","guid":{"rendered":"http:\/\/sercanmakina.com.tr\/?post_type=product&#038;p=4822"},"modified":"2024-06-21T11:29:45","modified_gmt":"2024-06-21T08:29:45","slug":"janome-mc9450","status":"publish","type":"product","link":"https:\/\/sercanmakina.com.tr\/en\/product\/janome-mc9450\/","title":{"rendered":"JANOME MC9450"},"content":{"rendered":"<section class=\"l-section wpb_row height_auto\"><div class=\"l-section-h i-cf\"><div class=\"g-cols vc_row via_flex valign_top type_default stacking_default\"><div class=\"vc_col-sm-6 wpb_column vc_column_container\"><div class=\"vc_column-inner\"><div class=\"wpb_wrapper\"><div class=\"wpb_text_column\"><div class=\"wpb_wrapper\"><table style=\"border-collapse: collapse; width: 99.9304%; height: 249px;\">\n<tbody>\n<tr style=\"height: 27px;\">\n<td style=\"width: 50%; height: 26px;\">7 mm. Adjustable Stitch Widht<\/td>\n<td style=\"width: 50%; height: 26px;\">Buttonhole in 1 Step<\/td>\n<\/tr>\n<tr style=\"height: 27px;\">\n<td style=\"width: 50%; height: 27px;\">\n<div data-pm-slice=\"1 1 &#091;&quot;table&quot;,null,&quot;tr&quot;,null,&quot;td&quot;,null&#093;\" data-en-clipboard=\"true\">\n<div data-pm-slice=\"1 1 &#091;&quot;table&quot;,null,&quot;tr&quot;,null,&quot;td&quot;,null&#093;\" data-en-clipboard=\"true\">250 Different Decorative Stitches<\/div>\n<\/div>\n<\/td>\n<td style=\"width: 50%; height: 27px;\" data-colwidth=\"336\">\n<div>10 Decorative Fonts<\/div>\n<\/td>\n<\/tr>\n<tr style=\"height: 28px;\">\n<td style=\"width: 50%; height: 28px;\" data-colwidth=\"336\">\n<div>Automatic Thread Trimmer<\/div>\n<\/td>\n<td style=\"width: 50%; height: 28px;\" data-colwidth=\"336\">\n<div>Colour Touch Screen<\/div>\n<\/td>\n<\/tr>\n<tr style=\"height: 28px;\">\n<td style=\"width: 50%; height: 28px;\" data-colwidth=\"336\">\n<div>Start\/Stop Button<\/div>\n<\/td>\n<td style=\"width: 50%; height: 28px;\" data-colwidth=\"336\">\n<div>Needle Up - Down System<\/div>\n<\/td>\n<\/tr>\n<tr style=\"height: 28px;\">\n<td style=\"width: 50%; height: 28px;\" data-colwidth=\"336\">\n<div>Illimunated Sewing Surface<\/div>\n<\/td>\n<td style=\"width: 50%; height: 28px;\" data-colwidth=\"336\">\n<div>Adjustable Stitch Lenght<\/div>\n<\/td>\n<\/tr>\n<tr style=\"height: 28px;\">\n<td style=\"width: 50%; height: 28px;\" data-colwidth=\"336\">\n<div>Dekoratif Desen Haf\u0131zas\u0131<\/div>\n<\/td>\n<td style=\"width: 50%; height: 28px;\" data-colwidth=\"336\">\n<div>Otomatik \u00dcst \u0130plik Tansiyon Ayar\u0131<\/div>\n<\/td>\n<\/tr>\n<tr style=\"height: 28px;\">\n<td style=\"width: 50%; height: 28px;\" data-colwidth=\"336\">\n<div>Electronic Knee Lift<\/div>\n<\/td>\n<td style=\"width: 50%; height: 28px;\" data-colwidth=\"336\">\n<div>Quick and Quiet Working<\/div>\n<\/td>\n<\/tr>\n<tr style=\"height: 28px;\">\n<td style=\"width: 50%; height: 28px;\" data-colwidth=\"336\">\n<div>Marked Thread Paths<\/div>\n<\/td>\n<td style=\"width: 50%; height: 28px;\" data-colwidth=\"336\">\n<div>Automatic Bobbin Winder<\/div>\n<\/td>\n<\/tr>\n<tr style=\"height: 28px;\">\n<td style=\"width: 50%; height: 28px;\" data-colwidth=\"336\">\n<div>170 x 200 - 140 x 140 mm. Embroidery Hoops<\/div>\n<\/td>\n<td style=\"width: 50%; height: 28px;\">\n<div><\/div>\n<\/td>\n<\/tr>\n<\/tbody>\n<\/table>\n<\/div><\/div><\/div><\/div><\/div><\/div><\/div><\/section><section class=\"l-section wpb_row height_medium\"><div class=\"l-section-h i-cf\"><div class=\"g-cols vc_row via_flex valign_top type_default stacking_default\"><div class=\"vc_col-sm-12 wpb_column vc_column_container\"><div class=\"vc_column-inner\"><div class=\"wpb_wrapper\"><div class=\"w-video align_none ratio_16x9 has_iframe\"><div class=\"w-video-h\"><iframe title=\"Youtube video player\" src=\"\/\/www.youtube.com\/embed\/_xvaJ-hrAUE?origin=https:\/\/sercanmakina.com.tr\/en&controls=1\" allowfullscreen=\"1\" loading=\"lazy\"><\/iframe><\/div><div class=\"w-video-icon\" style=\"font-size:1.5rem;background:rgba(0,0,0,0.5);color:#fff\"><\/div><\/div><\/div><\/div><\/div><\/div><\/div><\/section><section class=\"l-section wpb_row height_medium\"><div class=\"l-section-h i-cf\"><div class=\"g-cols vc_row via_flex valign_top type_default stacking_default\"><div class=\"vc_col-sm-12 wpb_column vc_column_container\"><div class=\"vc_column-inner\"><div class=\"wpb_wrapper\"><\/div><\/div><\/div><\/div><\/div><\/section>","protected":false},"excerpt":{"rendered":"<div data-pm-slice=\"1 1 []\" data-en-clipboard=\"true\">\n<div data-pm-slice=\"1 1 []\" data-en-clipboard=\"true\">\n<div data-pm-slice=\"1 1 []\" data-en-clipboard=\"true\">\n<div data-pm-slice=\"1 1 []\" data-en-clipboard=\"true\">\n<div data-pm-slice=\"1 1 []\" data-en-clipboard=\"true\">\n<div data-pm-slice=\"1 1 []\" data-en-clipboard=\"true\">\n<div data-pm-slice=\"1 1 []\" data-en-clipboard=\"true\">\n<div data-pm-slice=\"1 1 []\" data-en-clipboard=\"true\">\n<div data-pm-slice=\"1 1 []\" data-en-clipboard=\"true\">\n<div data-pm-slice=\"1 1 []\" data-en-clipboard=\"true\">\n<div data-pm-slice=\"1 1 []\" data-en-clipboard=\"true\">\n<div data-pm-slice=\"1 1 []\" data-en-clipboard=\"true\">\n<div data-pm-slice=\"1 1 []\" data-en-clipboard=\"true\">\n<div data-pm-slice=\"1 1 []\" data-en-clipboard=\"true\">\n<div data-pm-slice=\"1 1 []\" data-en-clipboard=\"true\">\n<p><span data-tt=\"{&quot;paragraphStyle&quot;:{&quot;alignment&quot;:4,&quot;writingDirection&quot;:1}}\">Discover Your Creativity with Household Sewing Machines!!!<\/span><\/p>\n<p><span data-tt=\"{&quot;paragraphStyle&quot;:{&quot;alignment&quot;:4,&quot;writingDirection&quot;:1}}\">Home Sewing Machines are Indispensable Tools For Repairing and Customising Textile Products and for Creative Projects. Offered in a Wide Range for Both Hobbyists And Professional Tailors, These Machines Offer The Opportunity to Perform Sewing Operations in a Faster and More Professional Way. They also Offer Advantages Such as Practical Use, Versatility, Time Saving and Professional Results.<\/span><\/p>\n<p><span data-tt=\"{&quot;paragraphStyle&quot;:{&quot;alignment&quot;:4,&quot;writingDirection&quot;:1}}\">Electronic Machines Offering More Stitch Patterns and Automatic Functions are Ideal for More Complex Projects. Features such as Automatic Thread Inserting and Adjustable Stitch Length Provide User Convenience.<\/span><\/p>\n<p>You Can Make 250 Different Decorative Patterns with the Electronic Model Janome MC9450 and You Can Open the Buttonhole in One Step. You Can Buy This Model and All Other JANOME Models That You Can Easily Use with Marked Thread Paths From Sercan Makina.<\/p>\n<\/div>\n<\/div>\n<\/div>\n<\/div>\n<\/div>\n<\/div>\n<\/div>\n<\/div>\n<\/div>\n<\/div>\n<\/div>\n<\/div>\n<\/div>\n<\/div>\n<\/div>","protected":false},"featured_media":4823,"comment_status":"closed","ping_status":"closed","template":"","meta":[],"product_cat":[182],"product_tag":[],"class_list":{"0":"post-4822","1":"product","2":"type-product","3":"status-publish","4":"has-post-thumbnail","6":"product_cat-elektronik-piko","7":"pa_marka-janome","9":"first","10":"instock","11":"shipping-taxable","12":"product-type-simple"},"_links":{"self":[{"href":"https:\/\/sercanmakina.com.tr\/en\/wp-json\/wp\/v2\/product\/4822","targetHints":{"allow":["GET"]}}],"collection":[{"href":"https:\/\/sercanmakina.com.tr\/en\/wp-json\/wp\/v2\/product"}],"about":[{"href":"https:\/\/sercanmakina.com.tr\/en\/wp-json\/wp\/v2\/types\/product"}],"replies":[{"embeddable":true,"href":"https:\/\/sercanmakina.com.tr\/en\/wp-json\/wp\/v2\/comments?post=4822"}],"wp:featuredmedia":[{"embeddable":true,"href":"https:\/\/sercanmakina.com.tr\/en\/wp-json\/wp\/v2\/media\/4823"}],"wp:attachment":[{"href":"https:\/\/sercanmakina.com.tr\/en\/wp-json\/wp\/v2\/media?parent=4822"}],"wp:term":[{"taxonomy":"product_cat","embeddable":true,"href":"https:\/\/sercanmakina.com.tr\/en\/wp-json\/wp\/v2\/product_cat?post=4822"},{"taxonomy":"product_tag","embeddable":true,"href":"https:\/\/sercanmakina.com.tr\/en\/wp-json\/wp\/v2\/product_tag?post=4822"}],"curies":[{"name":"wp","href":"https:\/\/api.w.org\/{rel}","templated":true}]}}