{"id":4929,"date":"2021-04-26T02:25:18","date_gmt":"2021-04-25T23:25:18","guid":{"rendered":"http:\/\/sercanmakina.com.tr\/?post_type=product&#038;p=4929"},"modified":"2021-04-26T03:44:48","modified_gmt":"2021-04-26T00:44:48","slug":"gazella-st-ua1000-ultraair-uv-hava-sterilizasyon-cihazi","status":"publish","type":"product","link":"https:\/\/sercanmakina.com.tr\/en\/product\/gazella-st-ua1000-ultraair-uv-hava-sterilizasyon-cihazi\/","title":{"rendered":"GAZELLA ST\/UA1000 ULTRAAIR UV Air Sterilization Device"},"content":{"rendered":"<section class=\"l-section wpb_row height_auto\"><div class=\"l-section-h i-cf\"><div class=\"g-cols vc_row via_flex valign_top type_default stacking_default\"><div class=\"vc_col-sm-6 wpb_column vc_column_container\"><div class=\"vc_column-inner\"><div class=\"wpb_wrapper\"><div class=\"wpb_text_column\"><div class=\"wpb_wrapper\"><table style=\"border-collapse: collapse; width: 99.9304%; height: 224px;\">\n<tbody>\n<tr style=\"height: 28px;\">\n<td style=\"width: 50%; height: 28px;\" data-colwidth=\"336\">\n<div data-pm-slice=\"1 1 &#091;&quot;table&quot;,{&quot;style&quot;:null,&quot;summary&quot;:null,&quot;width&quot;:&quot;1002px&quot;,&quot;cellspacing&quot;:null,&quot;cellpadding&quot;:null,&quot;align&quot;:null,&quot;cols&quot;:&#091;{&quot;width&quot;:336},{&quot;width&quot;:666}&#093;,&quot;backgroundColor&quot;:null,&quot;color&quot;:null,&quot;selected&quot;:false},&quot;tr&quot;,{&quot;style&quot;:null,&quot;backgroundColor&quot;:null,&quot;textAlign&quot;:null,&quot;verticalAlign&quot;:null,&quot;color&quot;:null},&quot;td&quot;,{&quot;style&quot;:null,&quot;abbr&quot;:null,&quot;nowrap&quot;:null,&quot;height&quot;:null,&quot;colspan&quot;:1,&quot;rowspan&quot;:1,&quot;colwidth&quot;:&#091;336&#093;,&quot;backgroundColor&quot;:null,&quot;textAlign&quot;:null,&quot;verticalAlign&quot;:null,&quot;color&quot;:&quot;&quot;,&quot;inversionType&quot;:&quot;smart&quot;}&#093;\" data-en-clipboard=\"true\">Made in Turkey<\/div>\n<\/td>\n<td style=\"width: 50%;\" data-colwidth=\"336\">\n<div>220 V \/ 50-60 Hz<\/div>\n<\/td>\n<\/tr>\n<tr>\n<td style=\"width: 50%;\" data-colwidth=\"336\">\n<div>UV Spectrumu: 253,7 nm.<\/div>\n<\/td>\n<td style=\"width: 50%;\" data-colwidth=\"336\">\n<div>Uv Lights: 2 x 15 W.<\/div>\n<\/td>\n<\/tr>\n<tr>\n<td style=\"width: 50%;\">\n<div>Power: 70 W.<\/div>\n<\/td>\n<td style=\"width: 50%;\">\n<div>Filter: 3<\/div>\n<\/td>\n<\/tr>\n<tr>\n<td style=\"width: 50%;\">\n<div>Digital Display Screen<\/div>\n<\/td>\n<td style=\"width: 50%;\">\n<div>Quiet Fan System<\/div>\n<\/td>\n<\/tr>\n<tr>\n<td style=\"width: 50%;\">\n<div>Key Lock, Ability to Control from Device and Remote Control<\/div>\n<\/td>\n<td style=\"width: 50%;\">\n<div>Eliminates 99% of Viruses, Mites, Spores, Molds and Bacteria<\/div>\n<\/td>\n<\/tr>\n<tr>\n<td style=\"width: 50%;\">\n<div>Area of Max.Impact: 50 m\u00b2<\/div>\n<\/td>\n<td style=\"width: 50%;\">\n<div>Deodorization Rate:<\/div>\n<\/td>\n<\/tr>\n<tr>\n<td style=\"width: 50%;\">\n<div>Sound Level: 50 \u2013 53 db.<\/div>\n<\/td>\n<td style=\"width: 50%;\">\n<div>Air Flow: 30 \u2013 60 m\u00b3\/h.<\/div>\n<\/td>\n<\/tr>\n<tr>\n<td style=\"width: 50%;\">\n<div>Weight: 14 kg.<\/div>\n<\/td>\n<td style=\"width: 50%;\">\n<div>Dimension: 285 x 210 x 850 mm.<\/div>\n<\/td>\n<\/tr>\n<\/tbody>\n<\/table>\n<\/div><\/div><\/div><\/div><\/div><\/div><\/div><\/section><section class=\"l-section wpb_row height_medium\"><div class=\"l-section-h i-cf\"><div class=\"g-cols vc_row via_flex valign_top type_default stacking_default\"><div class=\"vc_col-sm-12 wpb_column vc_column_container\"><div class=\"vc_column-inner\"><div class=\"wpb_wrapper\"><\/div><\/div><\/div><\/div><\/div><\/section><section class=\"l-section wpb_row height_medium\"><div class=\"l-section-h i-cf\"><div class=\"g-cols vc_row via_flex valign_top type_default stacking_default\"><div class=\"vc_col-sm-12 wpb_column vc_column_container\"><div class=\"vc_column-inner\"><div class=\"wpb_wrapper\"><div class=\"w-video align_none ratio_16x9 has_iframe\"><div class=\"w-video-h\"><iframe title=\"Youtube video player\" src=\"\/\/www.youtube.com\/embed\/iH5LFK1CRNU?origin=https:\/\/sercanmakina.com.tr\/en&controls=1\" allowfullscreen=\"1\" loading=\"lazy\"><\/iframe><\/div><div class=\"w-video-icon\" style=\"font-size:1.5rem;background:rgba(0,0,0,0.5);color:#fff\"><\/div><\/div><\/div><\/div><\/div><\/div><\/div><\/section><section class=\"l-section wpb_row height_medium\"><div class=\"l-section-h i-cf\"><div class=\"g-cols vc_row via_flex valign_top type_default stacking_default\"><div class=\"vc_col-sm-12 wpb_column vc_column_container\"><div class=\"vc_column-inner\"><div class=\"wpb_wrapper\"><div class=\"w-video align_none ratio_16x9 has_iframe\"><div class=\"w-video-h\"><iframe title=\"Youtube video player\" src=\"\/\/www.youtube.com\/embed\/nURUXXoBENs?origin=https:\/\/sercanmakina.com.tr\/en&controls=1\" allowfullscreen=\"1\" loading=\"lazy\"><\/iframe><\/div><div class=\"w-video-icon\" style=\"font-size:1.5rem;background:rgba(0,0,0,0.5);color:#fff\"><\/div><\/div><\/div><\/div><\/div><\/div><\/div><\/section>","protected":false},"excerpt":{"rendered":"<div data-pm-slice=\"1 1 []\" data-en-clipboard=\"true\">\n<div data-pm-slice=\"1 1 []\" data-en-clipboard=\"true\">\n<div data-pm-slice=\"1 1 []\" data-en-clipboard=\"true\">\n<div data-pm-slice=\"1 1 []\" data-en-clipboard=\"true\">\n<div data-pm-slice=\"1 1 []\" data-en-clipboard=\"true\">\n<div data-pm-slice=\"1 1 []\" data-en-clipboard=\"true\">\n<div data-pm-slice=\"1 1 []\" data-en-clipboard=\"true\">\n<div data-pm-slice=\"1 1 []\" data-en-clipboard=\"true\">\n<div data-pm-slice=\"1 1 []\" data-en-clipboard=\"true\">\n<div data-pm-slice=\"1 1 []\" data-en-clipboard=\"true\">\n<div data-pm-slice=\"1 1 []\" data-en-clipboard=\"true\">\n<div data-pm-slice=\"1 1 []\" data-en-clipboard=\"true\">\n<div data-pm-slice=\"1 1 []\" data-en-clipboard=\"true\">\n<div data-pm-slice=\"1 1 []\" data-en-clipboard=\"true\">\n<div data-pm-slice=\"1 1 []\" data-en-clipboard=\"true\">\n<div data-pm-slice=\"1 1 []\" data-en-clipboard=\"true\">\n<div data-pm-slice=\"1 1 []\" data-en-clipboard=\"true\">\n<div data-pm-slice=\"1 1 []\" data-en-clipboard=\"true\">\n<div data-pm-slice=\"1 1 []\" data-en-clipboard=\"true\">\n<div data-pm-slice=\"1 1 []\" data-en-clipboard=\"true\">\n<div data-pm-slice=\"1 1 []\" data-en-clipboard=\"true\">\n<div data-pm-slice=\"1 1 []\" data-en-clipboard=\"true\">\n<div data-pm-slice=\"1 1 []\" data-en-clipboard=\"true\">\n<div data-pm-slice=\"1 1 []\" data-en-clipboard=\"true\">\n<div data-pm-slice=\"1 1 []\" data-en-clipboard=\"true\">\n<div data-pm-slice=\"1 1 []\" data-en-clipboard=\"true\">\n<div data-pm-slice=\"1 1 []\" data-en-clipboard=\"true\">\n<div data-pm-slice=\"1 1 []\" data-en-clipboard=\"true\">\n<div dir=\"auto\">\n<div dir=\"auto\">GAZELLA ULTRAAIR, SILTER's New Product that Provides 99% Success at Fighting with Covid.\nVirus, Bacteria, Mold, Mite, Sports etc. You Can Get This Product, Which Provides Air Sterilization with UV Technology, Which is the Most Effective Method for the Airspace where Microorganisms are Destroyed,with the Best Price.<\/div>\n<div dir=\"auto\">Vir\u00fcs,Bakteri,K\u00fcf,Mite,Spor vb. Mikroorganizmalar\u0131n Yok Edildi\u011fi Hava Sahas\u0131 i\u00e7in En Etkin Y\u00f6ntem Olan UV Teknolojisi ile Hava Sterilizasyonu Sa\u011flayan Bu \u00dcr\u00fcn\u00fc Lansman Fiyat\u0131yla Bizden Temin Edebilirsiniz.<\/div>\n<\/div>\n<\/div>\n<\/div>\n<\/div>\n<\/div>\n<\/div>\n<\/div>\n<\/div>\n<\/div>\n<\/div>\n<\/div>\n<\/div>\n<\/div>\n<\/div>\n<\/div>\n<\/div>\n<\/div>\n<\/div>\n<\/div>\n<\/div>\n<\/div>\n<\/div>\n<\/div>\n<\/div>\n<\/div>\n<\/div>\n<\/div>\n<\/div>\n<\/div>","protected":false},"featured_media":4930,"comment_status":"closed","ping_status":"closed","template":"","meta":[],"product_cat":[268],"product_tag":[],"class_list":{"0":"post-4929","1":"product","2":"type-product","3":"status-publish","4":"has-post-thumbnail","6":"product_cat-sterilizasyon-cihazlari","7":"pa_marka-gazella","9":"first","10":"instock","11":"shipping-taxable","12":"product-type-simple"},"_links":{"self":[{"href":"https:\/\/sercanmakina.com.tr\/en\/wp-json\/wp\/v2\/product\/4929","targetHints":{"allow":["GET"]}}],"collection":[{"href":"https:\/\/sercanmakina.com.tr\/en\/wp-json\/wp\/v2\/product"}],"about":[{"href":"https:\/\/sercanmakina.com.tr\/en\/wp-json\/wp\/v2\/types\/product"}],"replies":[{"embeddable":true,"href":"https:\/\/sercanmakina.com.tr\/en\/wp-json\/wp\/v2\/comments?post=4929"}],"wp:featuredmedia":[{"embeddable":true,"href":"https:\/\/sercanmakina.com.tr\/en\/wp-json\/wp\/v2\/media\/4930"}],"wp:attachment":[{"href":"https:\/\/sercanmakina.com.tr\/en\/wp-json\/wp\/v2\/media?parent=4929"}],"wp:term":[{"taxonomy":"product_cat","embeddable":true,"href":"https:\/\/sercanmakina.com.tr\/en\/wp-json\/wp\/v2\/product_cat?post=4929"},{"taxonomy":"product_tag","embeddable":true,"href":"https:\/\/sercanmakina.com.tr\/en\/wp-json\/wp\/v2\/product_tag?post=4929"}],"curies":[{"name":"wp","href":"https:\/\/api.w.org\/{rel}","templated":true}]}}