{"id":5002,"date":"2022-04-01T11:31:06","date_gmt":"2022-04-01T08:31:06","guid":{"rendered":"http:\/\/sercanmakina.com.tr\/?post_type=product&#038;p=5002"},"modified":"2025-01-23T17:17:52","modified_gmt":"2025-01-23T14:17:52","slug":"sigma-sm-3400-cok-igneli-3d-dekoratif-dikis-makinasi","status":"publish","type":"product","link":"https:\/\/sercanmakina.com.tr\/en\/product\/sigma-sm-3400-cok-igneli-3d-dekoratif-dikis-makinasi\/","title":{"rendered":"SIGMA SM-3400 Multi-Needle Decorative Border Machine"},"content":{"rendered":"<section class=\"l-section wpb_row height_auto\"><div class=\"l-section-h i-cf\"><div class=\"g-cols vc_row via_flex valign_top type_default stacking_default\"><div class=\"vc_col-sm-6 wpb_column vc_column_container\"><div class=\"vc_column-inner\"><div class=\"wpb_wrapper\"><div class=\"wpb_text_column\"><div class=\"wpb_wrapper\"><table style=\"border-collapse: collapse; width: 96.6401%; height: 153px;\">\n<tbody>\n<tr>\n<td style=\"width: 49.88532110091743%;\" data-colwidth=\"336\">\n<div>High Speed Chain Stitch Head<\/div>\n<\/td>\n<td style=\"width: 50%;\" data-colwidth=\"336\">\n<div>Max.Sewing Thickness: 20 mm.<\/div>\n<\/td>\n<\/tr>\n<tr>\n<td style=\"width: 49.88532110091743%;\" data-colwidth=\"336\">\n<div>Number of Needles: 53<\/div>\n<\/td>\n<td style=\"width: 50%;\" data-colwidth=\"336\">\n<div>Thread Breakage Detection and Fabric Run Out Sensor<\/div>\n<\/td>\n<\/tr>\n<tr>\n<td style=\"width: 49.8853%;\">\n<div>Automatic Rolling Device and Feeding Device<\/div>\n<\/td>\n<td style=\"width: 50%;\">\n<div>\n<div>Electronic Servo Motor with the Function of Needle Position<\/div>\n<\/div>\n<\/td>\n<\/tr>\n<tr>\n<td style=\"width: 49.8853%;\">\n<div>\n<div>Power \/ Voltage: 1200 W - 220 V<\/div>\n<\/div>\n<\/td>\n<td style=\"width: 50%;\">\n<div>Dimension: 1500 x 2000 x 1900 mm.<\/div>\n<\/td>\n<\/tr>\n<tr>\n<td style=\"width: 49.8853%;\">\n<div><\/div>\n<\/td>\n<td style=\"width: 50%;\">\n<div><\/div>\n<\/td>\n<\/tr>\n<\/tbody>\n<\/table>\n<\/div><\/div><\/div><\/div><\/div><div class=\"vc_col-sm-6 wpb_column vc_column_container\"><div class=\"vc_column-inner\"><div class=\"wpb_wrapper\"><div class=\"w-video align_none ratio_16x9 has_iframe\"><div class=\"w-video-h\"><iframe title=\"Youtube video player\" src=\"\/\/www.youtube.com\/embed\/s7vo7qKU01g?origin=https:\/\/sercanmakina.com.tr\/en&controls=1\" allowfullscreen=\"1\" loading=\"lazy\"><\/iframe><\/div><div class=\"w-video-icon\" style=\"font-size:1.5rem;background:rgba(0,0,0,0.5);color:#fff\"><\/div><\/div><\/div><\/div><\/div><\/div><\/div><\/section>","protected":false},"excerpt":{"rendered":"<div data-pm-slice=\"1 1 [&quot;table&quot;,null,&quot;tr&quot;,null,&quot;td&quot;,null]\" data-en-clipboard=\"true\">\n<div data-pm-slice=\"1 1 []\" data-en-clipboard=\"true\">\n<div data-pm-slice=\"1 1 []\" data-en-clipboard=\"true\">\n<div data-pm-slice=\"1 1 []\" data-en-clipboard=\"true\">\n<div data-pm-slice=\"1 1 []\" data-en-clipboard=\"true\">\n<div data-pm-slice=\"1 1 []\" data-en-clipboard=\"true\">\n<div data-pm-slice=\"1 1 []\" data-en-clipboard=\"true\">\n<div data-pm-slice=\"1 1 []\" data-en-clipboard=\"true\">\n<div data-pm-slice=\"1 1 []\" data-en-clipboard=\"true\">\n<div data-pm-slice=\"1 1 []\" data-en-clipboard=\"true\">\n<div data-pm-slice=\"1 1 []\" data-en-clipboard=\"true\">\n<div data-pm-slice=\"1 1 []\" data-en-clipboard=\"true\">\n<div data-pm-slice=\"1 1 []\" data-en-clipboard=\"true\">\n<div data-pm-slice=\"1 1 []\" data-en-clipboard=\"true\">\n<div data-pm-slice=\"1 1 []\" data-en-clipboard=\"true\">\n<div data-pm-slice=\"1 1 []\" data-en-clipboard=\"true\">\n<div data-pm-slice=\"1 1 []\" data-en-clipboard=\"true\">\n<div data-pm-slice=\"1 1 []\" data-en-clipboard=\"true\">\n<div data-pm-slice=\"1 1 []\" data-en-clipboard=\"true\">\n<div data-pm-slice=\"1 1 []\" data-en-clipboard=\"true\">\n<div data-pm-slice=\"1 1 []\" data-en-clipboard=\"true\">\n<div data-pm-slice=\"1 1 []\" data-en-clipboard=\"true\">\n<div data-pm-slice=\"1 1 []\" data-en-clipboard=\"true\">\n<div data-pm-slice=\"1 1 []\" data-en-clipboard=\"true\">SIGMA SM-3400 is an Automatic 53-Needle Machine that Allows You to Sew 3D Spacer Fabric and Other Decorative Materials to Your Bedside Borders Without an Operator. It Makes It Easier to Make Your Bed Designs Trendier.<\/div>\n<div data-pm-slice=\"1 1 []\" data-en-clipboard=\"true\"><\/div>\n<div data-pm-slice=\"1 1 []\" data-en-clipboard=\"true\">\n<p>The SIGMA SM-3400 Is A High-Performance And Durable Machine Model Designed For Industrial Applications. It Optimizes Your Workflows With Its Superior Quality And Efficiency While Reducing Costs With Its Low Energy Consumption And Long-Lasting Design. The SIGMA SM-3400 Is One Of The Best Solutions In The Industry, Offering Reliable Performance For Tasks Requiring High Precision And Featuring A User-Friendly Interface.<\/p>\n<p><strong>Key Features:<\/strong><\/p>\n<p class=\"translation-block\">- High Speed and Efficiency  \n- Energy-Saving Technology  \n- Easy-To-Use Interface  \n- Durable and Long-Lasting Design  \n- Reliable Performance<\/p>\n<p>The SIGMA SM-3400 Is A High-Performance and Durable Machine Model Designed For Industrial Applications. It Optimizes Your Workflows With Its Superior Quality and Efficiency While Reducing Costs With Its Low Energy Consumption and Long-Lasting Design. The SIGMA SM-3400 Is One Of The Best Solutions In The Industry, Offering Reliable Performance For Tasks Requiring High Precision and Featuring A User-Friendly Interface.<\/p>\n<p>Experience SIGMA Quality Without Delay, Under The Guarantee Of SerCan Makina!!!<\/p>\n<\/div>\n<\/div>\n<\/div>\n<\/div>\n<\/div>\n<\/div>\n<\/div>\n<\/div>\n<\/div>\n<\/div>\n<\/div>\n<\/div>\n<\/div>\n<\/div>\n<\/div>\n<\/div>\n<\/div>\n<\/div>\n<\/div>\n<\/div>\n<\/div>\n<\/div>\n<\/div>\n<\/div>\n<p>&nbsp;<\/p>\n<p class=\"translation-block\">Otomasyon \u015eeklinde Senkron Olarak \u00c7al\u0131\u015fabilece\u011fi Di\u011fer SIGMA Makinalar :<br>\r\n<strong>*SM-3500-2<br>\r\n<\/strong><strong>*SM-2000A<br>\r\n*SM-3300MMC<br>\r\n<\/strong><strong>*SM-3300MMC-D-S<\/strong><\/p>","protected":false},"featured_media":5251,"comment_status":"closed","ping_status":"closed","template":"","meta":[],"product_cat":[200],"product_tag":[],"class_list":{"0":"post-5002","1":"product","2":"type-product","3":"status-publish","4":"has-post-thumbnail","6":"product_cat-yatak-makinalari","7":"pa_marka-sigma","9":"first","10":"instock","11":"shipping-taxable","12":"product-type-simple"},"_links":{"self":[{"href":"https:\/\/sercanmakina.com.tr\/en\/wp-json\/wp\/v2\/product\/5002","targetHints":{"allow":["GET"]}}],"collection":[{"href":"https:\/\/sercanmakina.com.tr\/en\/wp-json\/wp\/v2\/product"}],"about":[{"href":"https:\/\/sercanmakina.com.tr\/en\/wp-json\/wp\/v2\/types\/product"}],"replies":[{"embeddable":true,"href":"https:\/\/sercanmakina.com.tr\/en\/wp-json\/wp\/v2\/comments?post=5002"}],"wp:featuredmedia":[{"embeddable":true,"href":"https:\/\/sercanmakina.com.tr\/en\/wp-json\/wp\/v2\/media\/5251"}],"wp:attachment":[{"href":"https:\/\/sercanmakina.com.tr\/en\/wp-json\/wp\/v2\/media?parent=5002"}],"wp:term":[{"taxonomy":"product_cat","embeddable":true,"href":"https:\/\/sercanmakina.com.tr\/en\/wp-json\/wp\/v2\/product_cat?post=5002"},{"taxonomy":"product_tag","embeddable":true,"href":"https:\/\/sercanmakina.com.tr\/en\/wp-json\/wp\/v2\/product_tag?post=5002"}],"curies":[{"name":"wp","href":"https:\/\/api.w.org\/{rel}","templated":true}]}}